{"id":12381,"date":"2024-11-15T19:53:45","date_gmt":"2024-11-15T17:53:45","guid":{"rendered":"https:\/\/museum-der-philosophie.de\/?page_id=12381"},"modified":"2024-11-15T20:06:16","modified_gmt":"2024-11-15T18:06:16","slug":"ideen-und-ereignisse","status":"publish","type":"page","link":"https:\/\/museum-der-philosophie.de\/?page_id=12381","title":{"rendered":"Ideen und Ereignisse"},"content":{"rendered":"\n<div class=\"wp-block-uagb-container uagb-block-cb59a14b alignfull uagb-is-root-container\"><div class=\"uagb-container-inner-blocks-wrap\">\n<div class=\"wp-block-uagb-advanced-heading uagb-block-d8baf327\"><h1 class=\"uagb-heading-text\">EREIGNISSE<\/h1><\/div>\n\n\n\n\t\t\t<div class=\"wp-block-uagb-post-grid uagb-post-grid  uagb-post__image-position-top uagb-post__image-enabled uagb-block-c66d3a17     uagb-post__items uagb-post__columns-3 is-grid uagb-post__columns-tablet-2 uagb-post__columns-mobile-1 uagb-post__equal-height\" data-total=\"1\" style=\"\">\n\n\t\t\t\t\t\t\t\t\t\t\t\t<article class=\"uagb-post__inner-wrap\">\t\t\t\t\t\t\t\t<div class='uagb-post__image'>\n\t\t\t\t\t\t\t\t\t<a href=\"https:\/\/museum-der-philosophie.de\/?p=10911\" target=\"_self\" rel=\"bookmark noopener noreferrer\" class='uagb-image-ratio-inherit'><img loading=\"lazy\" decoding=\"async\" width=\"564\" height=\"698\" src=\"https:\/\/museum-der-philosophie.de\/wp-content\/uploads\/2024\/07\/hypatia-raffael1.jpg\" class=\"attachment-large size-large\" alt=\"\" srcset=\"https:\/\/museum-der-philosophie.de\/wp-content\/uploads\/2024\/07\/hypatia-raffael1.jpg 564w, https:\/\/museum-der-philosophie.de\/wp-content\/uploads\/2024\/07\/hypatia-raffael1-400x495.jpg 400w, https:\/\/museum-der-philosophie.de\/wp-content\/uploads\/2024\/07\/hypatia-raffael1-150x186.jpg 150w\" sizes=\"auto, (max-width: 564px) 100vw, 564px\" \/>\t\t\t\t\t<\/a>\n\t\t\t\t\t\t\t<\/div>\n\t\t\t\t\t\t<h4 class=\"uagb-post__title uagb-post__text\">\n\t\t\t\t<a href=\"https:\/\/museum-der-philosophie.de\/?p=10911\" target=\"_self\" rel=\"bookmark noopener noreferrer\">Hypatia und das Ende der antiken Philosophie<\/a>\n\t\t\t<\/h4>\n\t\t\t\t\t\t<div class='uagb-post__text uagb-post-grid-byline'>\n\t\t\t\t\t\t\t<\/div>\n\t\t\t\t\t\t\t<div class='uagb-post__text uagb-post__excerpt'>\n\t\t\t\t\tHypatia von Alexandria war eine herausragende Philosophin, Mathematikerin und Astronomin der sp\u00e4tantiken Welt.\t\t\t\t<\/div>\n\t\t\t\t\t\t<div class=\"uagb-post__text uagb-post__cta wp-block-button\">\n\t\t\t\t<a class=\"wp-block-button__link uagb-text-link\" style=\"\" href=\"https:\/\/museum-der-philosophie.de\/?p=10911\" target=\"_self\" rel=\"bookmark noopener noreferrer\">Anschauen<\/a>\n\t\t\t<\/div>\n\t\t\t\n\t\t\t\t\t\t\t\t\t<\/article>\n\t\t\t\t\t\t\t\t\t\t\t\t\t\t\t\t<article class=\"uagb-post__inner-wrap\">\t\t\t\t\t\t\t\t<div class='uagb-post__image'>\n\t\t\t\t\t\t\t\t\t<a href=\"https:\/\/museum-der-philosophie.de\/?p=7482\" target=\"_self\" rel=\"bookmark noopener noreferrer\" class='uagb-image-ratio-inherit'><img loading=\"lazy\" decoding=\"async\" width=\"581\" height=\"594\" src=\"https:\/\/museum-der-philosophie.de\/wp-content\/uploads\/2024\/01\/erasmus-vom-freien-willen.png\" class=\"attachment-large size-large\" alt=\"\" srcset=\"https:\/\/museum-der-philosophie.de\/wp-content\/uploads\/2024\/01\/erasmus-vom-freien-willen.png 581w, https:\/\/museum-der-philosophie.de\/wp-content\/uploads\/2024\/01\/erasmus-vom-freien-willen-400x409.png 400w, https:\/\/museum-der-philosophie.de\/wp-content\/uploads\/2024\/01\/erasmus-vom-freien-willen-150x153.png 150w\" sizes=\"auto, (max-width: 581px) 100vw, 581px\" \/>\t\t\t\t\t<\/a>\n\t\t\t\t\t\t\t<\/div>\n\t\t\t\t\t\t<h4 class=\"uagb-post__title uagb-post__text\">\n\t\t\t\t<a href=\"https:\/\/museum-der-philosophie.de\/?p=7482\" target=\"_self\" rel=\"bookmark noopener noreferrer\">Erasmus vs. Luther: Der Wille ist frei &#8211; oder nicht?<\/a>\n\t\t\t<\/h4>\n\t\t\t\t\t\t<div class='uagb-post__text uagb-post-grid-byline'>\n\t\t\t\t\t\t\t<\/div>\n\t\t\t\t\t\t\t<div class='uagb-post__text uagb-post__excerpt'>\n\t\t\t\t\tDer Streit zwischen Luther und Erasmus \u00fcber die Freiheit des Willens war ein bedeutendes Diskussionsthema&#8230;\t\t\t\t<\/div>\n\t\t\t\t\t\t<div class=\"uagb-post__text uagb-post__cta wp-block-button\">\n\t\t\t\t<a class=\"wp-block-button__link uagb-text-link\" style=\"\" href=\"https:\/\/museum-der-philosophie.de\/?p=7482\" target=\"_self\" rel=\"bookmark noopener noreferrer\">Anschauen<\/a>\n\t\t\t<\/div>\n\t\t\t\n\t\t\t\t\t\t\t\t\t<\/article>\n\t\t\t\t\t\t\t\t\t\t\t\t\t\t\t\t<article class=\"uagb-post__inner-wrap\">\t\t\t\t\t\t\t\t<div class='uagb-post__image'>\n\t\t\t\t\t\t\t\t\t<a href=\"https:\/\/museum-der-philosophie.de\/?p=7200\" target=\"_self\" rel=\"bookmark noopener noreferrer\" class='uagb-image-ratio-inherit'><img loading=\"lazy\" decoding=\"async\" width=\"600\" height=\"492\" src=\"https:\/\/museum-der-philosophie.de\/wp-content\/uploads\/2023\/12\/Aristoteles-vorlesung.jpeg\" class=\"attachment-large size-large\" alt=\"\" srcset=\"https:\/\/museum-der-philosophie.de\/wp-content\/uploads\/2023\/12\/Aristoteles-vorlesung.jpeg 600w, https:\/\/museum-der-philosophie.de\/wp-content\/uploads\/2023\/12\/Aristoteles-vorlesung-400x328.jpeg 400w, https:\/\/museum-der-philosophie.de\/wp-content\/uploads\/2023\/12\/Aristoteles-vorlesung-150x123.jpeg 150w\" sizes=\"auto, (max-width: 600px) 100vw, 600px\" \/>\t\t\t\t\t<\/a>\n\t\t\t\t\t\t\t<\/div>\n\t\t\t\t\t\t<h4 class=\"uagb-post__title uagb-post__text\">\n\t\t\t\t<a href=\"https:\/\/museum-der-philosophie.de\/?p=7200\" target=\"_self\" rel=\"bookmark noopener noreferrer\">Die Artistenfakult\u00e4t &#8211; Philosophie an der Universit\u00e4t des Mittelalters<\/a>\n\t\t\t<\/h4>\n\t\t\t\t\t\t<div class='uagb-post__text uagb-post-grid-byline'>\n\t\t\t\t\t\t\t<\/div>\n\t\t\t\t\t\t\t<div class='uagb-post__text uagb-post__excerpt'>\n\t\t\t\t\tAn den mittelalterlichen Universit\u00e4ten war die Artistenfakult\u00e4t eine so genannte prop\u00e4deutische Fakult\u00e4t. Das bedeutete, dass&#8230;\t\t\t\t<\/div>\n\t\t\t\t\t\t<div class=\"uagb-post__text uagb-post__cta wp-block-button\">\n\t\t\t\t<a class=\"wp-block-button__link uagb-text-link\" style=\"\" href=\"https:\/\/museum-der-philosophie.de\/?p=7200\" target=\"_self\" rel=\"bookmark noopener noreferrer\">Anschauen<\/a>\n\t\t\t<\/div>\n\t\t\t\n\t\t\t\t\t\t\t\t\t<\/article>\n\t\t\t\t\t\t\t\t\t\t\t\t\t\t\t\t<article class=\"uagb-post__inner-wrap\">\t\t\t\t\t\t\t\t<div class='uagb-post__image'>\n\t\t\t\t\t\t\t\t\t<a href=\"https:\/\/museum-der-philosophie.de\/?p=5491\" target=\"_self\" rel=\"bookmark noopener noreferrer\" class='uagb-image-ratio-inherit'><img loading=\"lazy\" decoding=\"async\" width=\"750\" height=\"492\" src=\"https:\/\/museum-der-philosophie.de\/wp-content\/uploads\/2025\/01\/sokrates-tod-Jacques-Louis-David-1170x768.jpeg\" class=\"attachment-large size-large\" alt=\"\" srcset=\"https:\/\/museum-der-philosophie.de\/wp-content\/uploads\/2025\/01\/sokrates-tod-Jacques-Louis-David-1170x768.jpeg 1170w, https:\/\/museum-der-philosophie.de\/wp-content\/uploads\/2025\/01\/sokrates-tod-Jacques-Louis-David-400x263.jpeg 400w, https:\/\/museum-der-philosophie.de\/wp-content\/uploads\/2025\/01\/sokrates-tod-Jacques-Louis-David-150x98.jpeg 150w, https:\/\/museum-der-philosophie.de\/wp-content\/uploads\/2025\/01\/sokrates-tod-Jacques-Louis-David-768x504.jpeg 768w, https:\/\/museum-der-philosophie.de\/wp-content\/uploads\/2025\/01\/sokrates-tod-Jacques-Louis-David-1536x1009.jpeg 1536w, https:\/\/museum-der-philosophie.de\/wp-content\/uploads\/2025\/01\/sokrates-tod-Jacques-Louis-David-2048x1345.jpeg 2048w\" sizes=\"auto, (max-width: 750px) 100vw, 750px\" \/>\t\t\t\t\t<\/a>\n\t\t\t\t\t\t\t<\/div>\n\t\t\t\t\t\t<h4 class=\"uagb-post__title uagb-post__text\">\n\t\t\t\t<a href=\"https:\/\/museum-der-philosophie.de\/?p=5491\" target=\"_self\" rel=\"bookmark noopener noreferrer\">Vergiftet, versklavt, vertrieben &#8211; die Schicksale der Gro\u00dfen Drei in Athen<\/a>\n\t\t\t<\/h4>\n\t\t\t\t\t\t<div class='uagb-post__text uagb-post-grid-byline'>\n\t\t\t\t\t\t\t<\/div>\n\t\t\t\t\t\t\t<div class='uagb-post__text uagb-post__excerpt'>\n\t\t\t\t\tDie drei gro\u00dfen Philosophen der Athener Schule wurden zu Lebzeiten nicht immer wohlwollend behandelt. Jeden&#8230;\t\t\t\t<\/div>\n\t\t\t\t\t\t<div class=\"uagb-post__text uagb-post__cta wp-block-button\">\n\t\t\t\t<a class=\"wp-block-button__link uagb-text-link\" style=\"\" href=\"https:\/\/museum-der-philosophie.de\/?p=5491\" target=\"_self\" rel=\"bookmark noopener noreferrer\">Anschauen<\/a>\n\t\t\t<\/div>\n\t\t\t\n\t\t\t\t\t\t\t\t\t<\/article>\n\t\t\t\t\t\t\t\t\t\t\t\t\t\t\t\t<article class=\"uagb-post__inner-wrap\">\t\t\t\t\t\t\t\t<div class='uagb-post__image'>\n\t\t\t\t\t\t\t\t\t<a href=\"https:\/\/museum-der-philosophie.de\/?p=3032\" target=\"_self\" rel=\"bookmark noopener noreferrer\" class='uagb-image-ratio-inherit'><img loading=\"lazy\" decoding=\"async\" width=\"438\" height=\"480\" src=\"https:\/\/museum-der-philosophie.de\/wp-content\/uploads\/2023\/08\/438px-Rheinisches_Landesmuseum_Trier_20210705_113435_512919070591.jpg\" class=\"attachment-large size-large\" alt=\"\" srcset=\"https:\/\/museum-der-philosophie.de\/wp-content\/uploads\/2023\/08\/438px-Rheinisches_Landesmuseum_Trier_20210705_113435_512919070591.jpg 438w, https:\/\/museum-der-philosophie.de\/wp-content\/uploads\/2023\/08\/438px-Rheinisches_Landesmuseum_Trier_20210705_113435_512919070591-400x438.jpg 400w, https:\/\/museum-der-philosophie.de\/wp-content\/uploads\/2023\/08\/438px-Rheinisches_Landesmuseum_Trier_20210705_113435_512919070591-150x164.jpg 150w\" sizes=\"auto, (max-width: 438px) 100vw, 438px\" \/>\t\t\t\t\t<\/a>\n\t\t\t\t\t\t\t<\/div>\n\t\t\t\t\t\t<h4 class=\"uagb-post__title uagb-post__text\">\n\t\t\t\t<a href=\"https:\/\/museum-der-philosophie.de\/?p=3032\" target=\"_self\" rel=\"bookmark noopener noreferrer\">Hesiod &#8211; der erste Philosoph?<\/a>\n\t\t\t<\/h4>\n\t\t\t\t\t\t<div class='uagb-post__text uagb-post-grid-byline'>\n\t\t\t\t\t\t\t<\/div>\n\t\t\t\t\t\t\t<div class='uagb-post__text uagb-post__excerpt'>\n\t\t\t\t\tHesiod war ein antiker griechischer Dichter, der im 8. Jahrhundert v. Chr. lebte. Er ist&#8230;\t\t\t\t<\/div>\n\t\t\t\t\t\t<div class=\"uagb-post__text uagb-post__cta wp-block-button\">\n\t\t\t\t<a class=\"wp-block-button__link uagb-text-link\" style=\"\" href=\"https:\/\/museum-der-philosophie.de\/?p=3032\" target=\"_self\" rel=\"bookmark noopener noreferrer\">Anschauen<\/a>\n\t\t\t<\/div>\n\t\t\t\n\t\t\t\t\t\t\t\t\t<\/article>\n\t\t\t\t\t\t\t\t\t\t\t\t\t\t\t\t<article class=\"uagb-post__inner-wrap\">\t\t\t\t\t\t\t\t<div class='uagb-post__image'>\n\t\t\t\t\t\t\t\t\t<a href=\"https:\/\/museum-der-philosophie.de\/?p=3738\" target=\"_self\" rel=\"bookmark noopener noreferrer\" class='uagb-image-ratio-inherit'><img loading=\"lazy\" decoding=\"async\" width=\"528\" height=\"579\" src=\"https:\/\/museum-der-philosophie.de\/wp-content\/uploads\/2023\/05\/622px-3_Pythagoras1-e1685253174436.jpg\" class=\"attachment-large size-large\" alt=\"\" srcset=\"https:\/\/museum-der-philosophie.de\/wp-content\/uploads\/2023\/05\/622px-3_Pythagoras1-e1685253174436.jpg 528w, https:\/\/museum-der-philosophie.de\/wp-content\/uploads\/2023\/05\/622px-3_Pythagoras1-e1685253174436-274x300.jpg 274w\" sizes=\"auto, (max-width: 528px) 100vw, 528px\" \/>\t\t\t\t\t<\/a>\n\t\t\t\t\t\t\t<\/div>\n\t\t\t\t\t\t<h4 class=\"uagb-post__title uagb-post__text\">\n\t\t\t\t<a href=\"https:\/\/museum-der-philosophie.de\/?p=3738\" target=\"_self\" rel=\"bookmark noopener noreferrer\">Die S\u00e4tze des Pythagoras<\/a>\n\t\t\t<\/h4>\n\t\t\t\t\t\t<div class='uagb-post__text uagb-post-grid-byline'>\n\t\t\t\t\t\t\t<\/div>\n\t\t\t\t\t\t\t<div class='uagb-post__text uagb-post__excerpt'>\n\t\t\t\t\tEiner der bedeutendsten antiken Mathematiker war Pythagoras von Samos, der im 6. Jahrhundert v. Chr&#8230;.\t\t\t\t<\/div>\n\t\t\t\t\t\t<div class=\"uagb-post__text uagb-post__cta wp-block-button\">\n\t\t\t\t<a class=\"wp-block-button__link uagb-text-link\" style=\"\" href=\"https:\/\/museum-der-philosophie.de\/?p=3738\" target=\"_self\" rel=\"bookmark noopener noreferrer\">Anschauen<\/a>\n\t\t\t<\/div>\n\t\t\t\n\t\t\t\t\t\t\t\t\t<\/article>\n\t\t\t\t\t\t\t\t\t\t\t\t\t\t\t\t<article class=\"uagb-post__inner-wrap\">\t\t\t\t\t\t\t\t<div class='uagb-post__image'>\n\t\t\t\t\t\t\t\t\t<a href=\"https:\/\/museum-der-philosophie.de\/?p=3287\" target=\"_self\" rel=\"bookmark noopener noreferrer\" class='uagb-image-ratio-inherit'><img loading=\"lazy\" decoding=\"async\" width=\"489\" height=\"489\" src=\"https:\/\/museum-der-philosophie.de\/wp-content\/uploads\/2023\/05\/the-death-of-socrates1.jpg\" class=\"attachment-large size-large\" alt=\"\" srcset=\"https:\/\/museum-der-philosophie.de\/wp-content\/uploads\/2023\/05\/the-death-of-socrates1.jpg 489w, https:\/\/museum-der-philosophie.de\/wp-content\/uploads\/2023\/05\/the-death-of-socrates1-300x300.jpg 300w, https:\/\/museum-der-philosophie.de\/wp-content\/uploads\/2023\/05\/the-death-of-socrates1-150x150.jpg 150w, https:\/\/museum-der-philosophie.de\/wp-content\/uploads\/2023\/05\/the-death-of-socrates1-70x70.jpg 70w, https:\/\/museum-der-philosophie.de\/wp-content\/uploads\/2023\/05\/the-death-of-socrates1-246x246.jpg 246w, https:\/\/museum-der-philosophie.de\/wp-content\/uploads\/2023\/05\/the-death-of-socrates1-276x276.jpg 276w, https:\/\/museum-der-philosophie.de\/wp-content\/uploads\/2023\/05\/the-death-of-socrates1-125x125.jpg 125w\" sizes=\"auto, (max-width: 489px) 100vw, 489px\" \/>\t\t\t\t\t<\/a>\n\t\t\t\t\t\t\t<\/div>\n\t\t\t\t\t\t<h4 class=\"uagb-post__title uagb-post__text\">\n\t\t\t\t<a href=\"https:\/\/museum-der-philosophie.de\/?p=3287\" target=\"_self\" rel=\"bookmark noopener noreferrer\">Sokrates: Alles auf Null<\/a>\n\t\t\t<\/h4>\n\t\t\t\t\t\t<div class='uagb-post__text uagb-post-grid-byline'>\n\t\t\t\t\t\t\t<\/div>\n\t\t\t\t\t\t\t<div class='uagb-post__text uagb-post__excerpt'>\n\t\t\t\t\t<p>Dies ist eine vereinfachte Darstellung f\u00fcr Mobiltelefone.Die originalgetreue Wiedergabe des Exponats ist nur auf Bildschirm&#8230;\t\t\t\t<\/div>\n\t\t\t\t\t\t<div class=\"uagb-post__text uagb-post__cta wp-block-button\">\n\t\t\t\t<a class=\"wp-block-button__link uagb-text-link\" style=\"\" href=\"https:\/\/museum-der-philosophie.de\/?p=3287\" target=\"_self\" rel=\"bookmark noopener noreferrer\">Anschauen<\/a>\n\t\t\t<\/div>\n\t\t\t\n\t\t\t\t\t\t\t\t\t<\/article>\n\t\t\t\t\t\t\t\t\t\t\t<\/div>\n\t\t\t<\/div><\/div>\n\n\n\n<div class=\"wp-block-uagb-container uagb-block-0a5c9d6d alignfull uagb-is-root-container\"><div class=\"uagb-container-inner-blocks-wrap\">\n<div class=\"wp-block-uagb-advanced-heading uagb-block-83c8cdbc\"><h1 class=\"uagb-heading-text\">IDEEN &amp; THEORIEN<\/h1><\/div>\n\n\n\n\t\t\t<div class=\"wp-block-uagb-post-grid uagb-post-grid  uagb-post__image-position-top uagb-post__image-enabled uagb-block-e6e98730     uagb-post__items uagb-post__columns-3 is-grid uagb-post__columns-tablet-2 uagb-post__columns-mobile-1 uagb-post__equal-height\" data-total=\"1\" style=\"\">\n\n\t\t\t\t\t\t\t\t\t\t\t\t<article class=\"uagb-post__inner-wrap\">\t\t\t\t\t\t\t\t<div class='uagb-post__image'>\n\t\t\t\t\t\t\t\t\t<a href=\"https:\/\/museum-der-philosophie.de\/?p=16452\" target=\"_self\" rel=\"bookmark noopener noreferrer\" class='uagb-image-ratio-inherit'><img loading=\"lazy\" decoding=\"async\" width=\"457\" height=\"469\" src=\"https:\/\/museum-der-philosophie.de\/wp-content\/uploads\/2025\/09\/Gottesbeweis2.jpg\" class=\"attachment-large size-large\" alt=\"\" srcset=\"https:\/\/museum-der-philosophie.de\/wp-content\/uploads\/2025\/09\/Gottesbeweis2.jpg 457w, https:\/\/museum-der-philosophie.de\/wp-content\/uploads\/2025\/09\/Gottesbeweis2-400x411.jpg 400w, https:\/\/museum-der-philosophie.de\/wp-content\/uploads\/2025\/09\/Gottesbeweis2-150x154.jpg 150w\" sizes=\"auto, (max-width: 457px) 100vw, 457px\" \/>\t\t\t\t\t<\/a>\n\t\t\t\t\t\t\t<\/div>\n\t\t\t\t\t\t<h4 class=\"uagb-post__title uagb-post__text\">\n\t\t\t\t<a href=\"https:\/\/museum-der-philosophie.de\/?p=16452\" target=\"_self\" rel=\"bookmark noopener noreferrer\">Gottesbeweise &#8211; die unendliche Geschichte<\/a>\n\t\t\t<\/h4>\n\t\t\t\t\t\t<div class='uagb-post__text uagb-post-grid-byline'>\n\t\t\t\t\t\t\t<\/div>\n\t\t\t\t\t\t\t<div class='uagb-post__text uagb-post__excerpt'>\n\t\t\t\t\tSo alt wie die Philosophie ist auch die Frage nach der Existenz des G\u00f6ttlichen. &#8230;\t\t\t\t<\/div>\n\t\t\t\t\t\t<div class=\"uagb-post__text uagb-post__cta wp-block-button\">\n\t\t\t\t<a class=\"wp-block-button__link uagb-text-link\" style=\"\" href=\"https:\/\/museum-der-philosophie.de\/?p=16452\" target=\"_self\" rel=\"bookmark noopener noreferrer\">Anschauen<\/a>\n\t\t\t<\/div>\n\t\t\t\n\t\t\t\t\t\t\t\t\t<\/article>\n\t\t\t\t\t\t\t\t\t\t\t\t\t\t\t\t<article class=\"uagb-post__inner-wrap\">\t\t\t\t\t\t\t\t<div class='uagb-post__image'>\n\t\t\t\t\t\t\t\t\t<a href=\"https:\/\/museum-der-philosophie.de\/?p=9594\" target=\"_self\" rel=\"bookmark noopener noreferrer\" class='uagb-image-ratio-inherit'><img loading=\"lazy\" decoding=\"async\" width=\"480\" height=\"480\" src=\"https:\/\/museum-der-philosophie.de\/wp-content\/uploads\/2023\/11\/giphy.gif\" class=\"attachment-large size-large\" alt=\"\" \/>\t\t\t\t\t<\/a>\n\t\t\t\t\t\t\t<\/div>\n\t\t\t\t\t\t<h4 class=\"uagb-post__title uagb-post__text\">\n\t\t\t\t<a href=\"https:\/\/museum-der-philosophie.de\/?p=9594\" target=\"_self\" rel=\"bookmark noopener noreferrer\">Die wunderbare Welt der Falschzitate<\/a>\n\t\t\t<\/h4>\n\t\t\t\t\t\t<div class='uagb-post__text uagb-post-grid-byline'>\n\t\t\t\t\t\t\t<\/div>\n\t\t\t\t\t\t\t<div class='uagb-post__text uagb-post__excerpt'>\n\t\t\t\t\tNie wurde so h\u00e4ufig falsch zitiert wie in unserer Zeit des Internets. Nur Wenige scheint&#8230;\t\t\t\t<\/div>\n\t\t\t\t\t\t<div class=\"uagb-post__text uagb-post__cta wp-block-button\">\n\t\t\t\t<a class=\"wp-block-button__link uagb-text-link\" style=\"\" href=\"https:\/\/museum-der-philosophie.de\/?p=9594\" target=\"_self\" rel=\"bookmark noopener noreferrer\">Anschauen<\/a>\n\t\t\t<\/div>\n\t\t\t\n\t\t\t\t\t\t\t\t\t<\/article>\n\t\t\t\t\t\t\t\t\t\t\t\t\t\t\t\t<article class=\"uagb-post__inner-wrap\">\t\t\t\t\t\t\t\t<div class='uagb-post__image'>\n\t\t\t\t\t\t\t\t\t<a href=\"https:\/\/museum-der-philosophie.de\/?p=6415\" target=\"_self\" rel=\"bookmark noopener noreferrer\" class='uagb-image-ratio-inherit'><img loading=\"lazy\" decoding=\"async\" width=\"324\" height=\"250\" src=\"https:\/\/museum-der-philosophie.de\/wp-content\/uploads\/2024\/04\/Illuminated_initial_from_Anselms_Monologion1.jpg\" class=\"attachment-large size-large\" alt=\"\" srcset=\"https:\/\/museum-der-philosophie.de\/wp-content\/uploads\/2024\/04\/Illuminated_initial_from_Anselms_Monologion1.jpg 324w, https:\/\/museum-der-philosophie.de\/wp-content\/uploads\/2024\/04\/Illuminated_initial_from_Anselms_Monologion1-150x116.jpg 150w\" sizes=\"auto, (max-width: 324px) 100vw, 324px\" \/>\t\t\t\t\t<\/a>\n\t\t\t\t\t\t\t<\/div>\n\t\t\t\t\t\t<h4 class=\"uagb-post__title uagb-post__text\">\n\t\t\t\t<a href=\"https:\/\/museum-der-philosophie.de\/?p=6415\" target=\"_self\" rel=\"bookmark noopener noreferrer\">Realisten vs. Nominalisten: der Universalienstreit im Mittelalter<\/a>\n\t\t\t<\/h4>\n\t\t\t\t\t\t<div class='uagb-post__text uagb-post-grid-byline'>\n\t\t\t\t\t\t\t<\/div>\n\t\t\t\t\t\t\t<div class='uagb-post__text uagb-post__excerpt'>\n\t\t\t\t\tDer Universalienstreit im Mittelalter war eine bedeutende philosophische Debatte \u00fcber Begriffe oder Eigenschaften, die in&#8230;\t\t\t\t<\/div>\n\t\t\t\t\t\t<div class=\"uagb-post__text uagb-post__cta wp-block-button\">\n\t\t\t\t<a class=\"wp-block-button__link uagb-text-link\" style=\"\" href=\"https:\/\/museum-der-philosophie.de\/?p=6415\" target=\"_self\" rel=\"bookmark noopener noreferrer\">Anschauen<\/a>\n\t\t\t<\/div>\n\t\t\t\n\t\t\t\t\t\t\t\t\t<\/article>\n\t\t\t\t\t\t\t\t\t\t\t\t\t\t\t\t<article class=\"uagb-post__inner-wrap\">\t\t\t\t\t\t\t\t<div class='uagb-post__image'>\n\t\t\t\t\t\t\t\t\t<a href=\"https:\/\/museum-der-philosophie.de\/?p=2968\" target=\"_self\" rel=\"bookmark noopener noreferrer\" class='uagb-image-ratio-inherit'><img loading=\"lazy\" decoding=\"async\" width=\"432\" height=\"498\" src=\"https:\/\/museum-der-philosophie.de\/wp-content\/uploads\/2024\/02\/800px-Statua_Marco_Aurelio_Musei_Capitolini_Fronte_1_-removebg-preview-e1707493637335.png\" class=\"attachment-large size-large\" alt=\"\" srcset=\"https:\/\/museum-der-philosophie.de\/wp-content\/uploads\/2024\/02\/800px-Statua_Marco_Aurelio_Musei_Capitolini_Fronte_1_-removebg-preview-e1707493637335.png 432w, https:\/\/museum-der-philosophie.de\/wp-content\/uploads\/2024\/02\/800px-Statua_Marco_Aurelio_Musei_Capitolini_Fronte_1_-removebg-preview-e1707493637335-400x461.png 400w, https:\/\/museum-der-philosophie.de\/wp-content\/uploads\/2024\/02\/800px-Statua_Marco_Aurelio_Musei_Capitolini_Fronte_1_-removebg-preview-e1707493637335-150x173.png 150w\" sizes=\"auto, (max-width: 432px) 100vw, 432px\" \/>\t\t\t\t\t<\/a>\n\t\t\t\t\t\t\t<\/div>\n\t\t\t\t\t\t<h4 class=\"uagb-post__title uagb-post__text\">\n\t\t\t\t<a href=\"https:\/\/museum-der-philosophie.de\/?p=2968\" target=\"_self\" rel=\"bookmark noopener noreferrer\">Mark Aurel &#8211; Wenn Philosophen herrschen<\/a>\n\t\t\t<\/h4>\n\t\t\t\t\t\t<div class='uagb-post__text uagb-post-grid-byline'>\n\t\t\t\t\t\t\t<\/div>\n\t\t\t\t\t\t\t<div class='uagb-post__text uagb-post__excerpt'>\n\t\t\t\t\tPlatons Idee der Philosophenherrschaft wurde \u00fcber die Jahrhunderte hinweg heftig diskutiert. Erprobt wurde sie nie,&#8230;\t\t\t\t<\/div>\n\t\t\t\t\t\t<div class=\"uagb-post__text uagb-post__cta wp-block-button\">\n\t\t\t\t<a class=\"wp-block-button__link uagb-text-link\" style=\"\" href=\"https:\/\/museum-der-philosophie.de\/?p=2968\" target=\"_self\" rel=\"bookmark noopener noreferrer\">Anschauen<\/a>\n\t\t\t<\/div>\n\t\t\t\n\t\t\t\t\t\t\t\t\t<\/article>\n\t\t\t\t\t\t\t\t\t\t\t\t\t\t\t\t<article class=\"uagb-post__inner-wrap\">\t\t\t\t\t\t\t\t<div class='uagb-post__image'>\n\t\t\t\t\t\t\t\t\t<a href=\"https:\/\/museum-der-philosophie.de\/?p=7482\" target=\"_self\" rel=\"bookmark noopener noreferrer\" class='uagb-image-ratio-inherit'><img loading=\"lazy\" decoding=\"async\" width=\"581\" height=\"594\" src=\"https:\/\/museum-der-philosophie.de\/wp-content\/uploads\/2024\/01\/erasmus-vom-freien-willen.png\" class=\"attachment-large size-large\" alt=\"\" srcset=\"https:\/\/museum-der-philosophie.de\/wp-content\/uploads\/2024\/01\/erasmus-vom-freien-willen.png 581w, https:\/\/museum-der-philosophie.de\/wp-content\/uploads\/2024\/01\/erasmus-vom-freien-willen-400x409.png 400w, https:\/\/museum-der-philosophie.de\/wp-content\/uploads\/2024\/01\/erasmus-vom-freien-willen-150x153.png 150w\" sizes=\"auto, (max-width: 581px) 100vw, 581px\" \/>\t\t\t\t\t<\/a>\n\t\t\t\t\t\t\t<\/div>\n\t\t\t\t\t\t<h4 class=\"uagb-post__title uagb-post__text\">\n\t\t\t\t<a href=\"https:\/\/museum-der-philosophie.de\/?p=7482\" target=\"_self\" rel=\"bookmark noopener noreferrer\">Erasmus vs. Luther: Der Wille ist frei &#8211; oder nicht?<\/a>\n\t\t\t<\/h4>\n\t\t\t\t\t\t<div class='uagb-post__text uagb-post-grid-byline'>\n\t\t\t\t\t\t\t<\/div>\n\t\t\t\t\t\t\t<div class='uagb-post__text uagb-post__excerpt'>\n\t\t\t\t\tDer Streit zwischen Luther und Erasmus \u00fcber die Freiheit des Willens war ein bedeutendes Diskussionsthema&#8230;\t\t\t\t<\/div>\n\t\t\t\t\t\t<div class=\"uagb-post__text uagb-post__cta wp-block-button\">\n\t\t\t\t<a class=\"wp-block-button__link uagb-text-link\" style=\"\" href=\"https:\/\/museum-der-philosophie.de\/?p=7482\" target=\"_self\" rel=\"bookmark noopener noreferrer\">Anschauen<\/a>\n\t\t\t<\/div>\n\t\t\t\n\t\t\t\t\t\t\t\t\t<\/article>\n\t\t\t\t\t\t\t\t\t\t\t\t\t\t\t\t<article class=\"uagb-post__inner-wrap\">\t\t\t\t\t\t\t\t<h4 class=\"uagb-post__title uagb-post__text\">\n\t\t\t\t<a href=\"https:\/\/museum-der-philosophie.de\/?p=5539\" target=\"_self\" rel=\"bookmark noopener noreferrer\">Gedanken \u00fcber die Zeit<\/a>\n\t\t\t<\/h4>\n\t\t\t\t\t\t<div class='uagb-post__text uagb-post-grid-byline'>\n\t\t\t\t\t\t\t<\/div>\n\t\t\t\t\t\t\t<div class='uagb-post__text uagb-post__excerpt'>\n\t\t\t\t\tIm Laufe der Geschichte wurde die Frage nach der Natur der Zeit von verschiedenen Philosophen&#8230;\t\t\t\t<\/div>\n\t\t\t\t\t\t<div class=\"uagb-post__text uagb-post__cta wp-block-button\">\n\t\t\t\t<a class=\"wp-block-button__link uagb-text-link\" style=\"\" href=\"https:\/\/museum-der-philosophie.de\/?p=5539\" target=\"_self\" rel=\"bookmark noopener noreferrer\">Anschauen<\/a>\n\t\t\t<\/div>\n\t\t\t\n\t\t\t\t\t\t\t\t\t<\/article>\n\t\t\t\t\t\t\t\t\t\t\t<\/div>\n\t\t\t<\/div><\/div>\n\n\n\n<div class=\"wp-block-uagb-container uagb-block-fc4d4c83 alignfull uagb-is-root-container\"><div class=\"uagb-container-inner-blocks-wrap\">\n<div class=\"wp-block-uagb-advanced-heading uagb-block-4e14d303\"><h1 class=\"uagb-heading-text\">PERIODEN &amp; STR\u00d6MUNGEN<\/h1><\/div>\n\n\n\n\t\t\t<div class=\"wp-block-uagb-post-grid uagb-post-grid  uagb-post__image-position-top uagb-post__image-enabled uagb-block-9b357f70     uagb-post__items uagb-post__columns-3 is-grid uagb-post__columns-tablet-2 uagb-post__columns-mobile-1 uagb-post__equal-height\" data-total=\"0\" style=\"\">\n\n\t\t\t\t\t\t\t\t\t<p class=\"uagb-post__no-posts\">\n\t\t\t\t\t\tNo post found!\t\t\t\t\t<\/p>\n\t\t\t\t\t\t\t\t<\/div>\n\t\t\t<\/div><\/div>\n","protected":false},"excerpt":{"rendered":"<p>EREIGNISSE IDEEN &amp; THEORIEN PERIODEN &amp; STR\u00d6MUNGEN<\/p>\n","protected":false},"author":1,"featured_media":0,"parent":0,"menu_order":0,"comment_status":"closed","ping_status":"closed","template":"template-page-builder-no-sidebar.php","meta":{"_uag_custom_page_level_css":"","footnotes":""},"class_list":["post-12381","page","type-page","status-publish","hentry"],"featured_image_src":null,"uagb_featured_image_src":{"full":false,"thumbnail":false,"medium":false,"medium_large":false,"large":false,"1536x1536":false,"2048x2048":false,"education-zone-banner":false,"education-zone-image-full":false,"education-zone-image":false,"education-zone-recent-post":false,"education-zone-search-result":false,"education-zone-featured-course":false,"education-zone-testimonial":false,"education-zone-blog-full":false,"wpvr_mobile":false},"uagb_author_info":{"display_name":"Klaus F\u00fcrst","author_link":"https:\/\/museum-der-philosophie.de\/?author=1"},"uagb_comment_info":0,"uagb_excerpt":"EREIGNISSE IDEEN &amp; THEORIEN PERIODEN &amp; STR\u00d6MUNGEN","_links":{"self":[{"href":"https:\/\/museum-der-philosophie.de\/index.php?rest_route=\/wp\/v2\/pages\/12381","targetHints":{"allow":["GET"]}}],"collection":[{"href":"https:\/\/museum-der-philosophie.de\/index.php?rest_route=\/wp\/v2\/pages"}],"about":[{"href":"https:\/\/museum-der-philosophie.de\/index.php?rest_route=\/wp\/v2\/types\/page"}],"author":[{"embeddable":true,"href":"https:\/\/museum-der-philosophie.de\/index.php?rest_route=\/wp\/v2\/users\/1"}],"replies":[{"embeddable":true,"href":"https:\/\/museum-der-philosophie.de\/index.php?rest_route=%2Fwp%2Fv2%2Fcomments&post=12381"}],"version-history":[{"count":3,"href":"https:\/\/museum-der-philosophie.de\/index.php?rest_route=\/wp\/v2\/pages\/12381\/revisions"}],"predecessor-version":[{"id":12388,"href":"https:\/\/museum-der-philosophie.de\/index.php?rest_route=\/wp\/v2\/pages\/12381\/revisions\/12388"}],"wp:attachment":[{"href":"https:\/\/museum-der-philosophie.de\/index.php?rest_route=%2Fwp%2Fv2%2Fmedia&parent=12381"}],"curies":[{"name":"wp","href":"https:\/\/api.w.org\/{rel}","templated":true}]}}