{"id":1336,"date":"2022-11-13T11:35:35","date_gmt":"2022-11-13T11:35:35","guid":{"rendered":"https:\/\/museum-der-philosophie.de\/?page_id=1336"},"modified":"2025-02-07T20:58:39","modified_gmt":"2025-02-07T18:58:39","slug":"ueber-uns","status":"publish","type":"page","link":"https:\/\/museum-der-philosophie.de\/?page_id=1336","title":{"rendered":"\u00dcber uns"},"content":{"rendered":"\n<div class=\"wp-block-uagb-container uagb-block-0ab58884 alignfull uagb-is-root-container\"><div class=\"uagb-container-inner-blocks-wrap\">\n<div class=\"wp-block-uagb-container uagb-block-96ee2ae8 default uagb-is-root-container\">\n<div class=\"wp-block-uagb-container uagb-block-af85ac78\">\n<div class=\"wp-block-uagb-container uagb-block-edba582c\">\n<div class=\"wp-block-uagb-advanced-heading uagb-block-813bd177\"><p class=\"uagb-heading-text\">Anl\u00e4sslich des <br>300. Geburtstages von Immanuel Kant haben wir am 22. April 2024 unser Museum er\u00f6ffnet. <br>Es ist das erste und bisher einzige Museum f\u00fcr Philosophie in Europa. <\/p><\/div>\n<\/div>\n<\/div>\n<\/div>\n\n\n\n<div class=\"wp-block-uagb-container uagb-block-2eb850b8\">\n<div class=\"wp-block-uagb-image uagb-block-261f5186 wp-block-uagb-image--layout-default wp-block-uagb-image--effect-static wp-block-uagb-image--align-none\"><figure class=\"wp-block-uagb-image__figure\"><img decoding=\"async\" srcset=\"https:\/\/museum-der-philosophie.de\/wp-content\/uploads\/2024\/05\/Kant-Geburtstag-vorbei.jpg ,https:\/\/museum-der-philosophie.de\/wp-content\/uploads\/2024\/05\/Kant-Geburtstag-vorbei.jpg 780w, https:\/\/museum-der-philosophie.de\/wp-content\/uploads\/2024\/05\/Kant-Geburtstag-vorbei.jpg 360w\" sizes=\"auto, (max-width: 480px) 150px\" src=\"https:\/\/museum-der-philosophie.de\/wp-content\/uploads\/2024\/05\/Kant-Geburtstag-vorbei.jpg\" alt=\"\" class=\"uag-image-9534\" width=\"700\" height=\"555\" title=\"Kant-Geburtstag-vorbei\" loading=\"lazy\" role=\"img\"\/><\/figure><\/div>\n\n\n\n<div class=\"wp-block-uagb-advanced-heading uagb-block-d32f5838\"><div class=\"uagb-heading-text\">Der Geburtstag ist vorbei &#8211; und nun? Kant und die Philosophie sind allm\u00e4hlich wieder aus den Medien verschwunden und haben <em>wichtigeren<\/em> Themen Platz gemacht. <br>Bei uns aber bleiben sie immer pr\u00e4sent.<\/div><\/div>\n<\/div>\n<\/div><\/div>\n\n\n\n<div class=\"wp-block-uagb-container uagb-block-b2aaa50f alignfull uagb-is-root-container\"><div class=\"uagb-container-inner-blocks-wrap\">\n<div class=\"wp-block-uagb-advanced-heading uagb-block-ef9a1442\"><div class=\"uagb-heading-text\">Was wollen wir?<\/div><\/div>\n\n\n\n<p>Dies soll kein virtuelles Philosophie-Lehrbuch sein, auch keine Enzyklop\u00e4die, sondern ein Museum. Lehrb\u00fccher folgen einer fachlichen Systematik und ziehen dazu Beispiele heran. Ein Museum hingegen ist fragmentarisch aufgebaut. Es geht von den Beispielen, d. h. von den gesammelten Objekten aus und versucht, diese in einen Kontext zu setzen.<br>In unserem Museum finden sich keine wissenschaftlichen Abhandlungen. Die ausgestellten Objekte sollen anregen, sich mit den Wegmarken der Ideengeschichte auseinanderzusetzen. Die gr\u00f6\u00dfte Herausforderung sehen wir darin, allgemeinverst\u00e4ndlich zu sein, ohne die inhaltliche Substanz zu verlieren. <\/p>\n\n\n\n<p class=\"has-text-align-center has-white-color has-cyan-bluish-gray-background-color has-text-color has-background\" style=\"font-size:22px\"><em>Philosophie verliert schon deshalb ihren Reiz, weil sie selbst zum Fach geworden ist.<\/em><br><sub>Max Horkheimer<\/sub><\/p>\n\n\n\n<p class=\"has-text-align-center\"><strong>In diesem Sinne m\u00f6chten wir die Philosophie aus dem Fachlichen, dem Akademischen, aus den Elfenbeint\u00fcrmen herausholen, <br>auf dass sich ihr Reiz all unseren Besuchern erschlie\u00dfen kann.<\/strong><\/p>\n<\/div><\/div>\n\n\n\n<p class=\"has-text-align-center\"><a href=\"https:\/\/museum-der-philosophie.de\/?page_id=2054\" data-type=\"page\" data-id=\"2054\"><strong>Mitmachen<\/strong><\/a> <img loading=\"lazy\" decoding=\"async\" width=\"50\" height=\"79\" class=\"wp-image-3247\" style=\"width: 50px;\" src=\"https:\/\/museum-der-philosophie.de\/wp-content\/uploads\/2023\/05\/leer-50x80-1.png\" alt=\"\"> <strong><a href=\"https:\/\/museum-der-philosophie.de\/?page_id=1900\" data-type=\"page\" data-id=\"1900\">G\u00e4stebuch<\/a><\/strong> <img loading=\"lazy\" decoding=\"async\" width=\"50\" height=\"79\" class=\"wp-image-3247\" style=\"width: 50px;\" src=\"https:\/\/museum-der-philosophie.de\/wp-content\/uploads\/2023\/05\/leer-50x80-1.png\" alt=\"\">  <a href=\"https:\/\/museum-der-philosophie.de\/?page_id=9363\" data-type=\"page\" data-id=\"997\"><strong>Partner und Unterst\u00fctzer<\/strong><\/a><strong><a href=\"https:\/\/museum-der-philosophie.de\/?page_id=7106\" data-type=\"page\" data-id=\"7106\"> <img loading=\"lazy\" decoding=\"async\" width=\"50\" height=\"79\" class=\"wp-image-3247\" style=\"width: 50px;\" src=\"https:\/\/museum-der-philosophie.de\/wp-content\/uploads\/2023\/05\/leer-50x80-1.png\" alt=\"\"><\/a><\/strong> <strong><a href=\"https:\/\/museum-der-philosophie.de\/?page_id=7106\" data-type=\"page\" data-id=\"7106\">Newsletter<\/a><\/strong> <img loading=\"lazy\" decoding=\"async\" width=\"50\" height=\"79\" class=\"wp-image-3247\" style=\"width: 50px;\" src=\"https:\/\/museum-der-philosophie.de\/wp-content\/uploads\/2023\/05\/leer-50x80-1.png\" alt=\"\"> <a href=\"https:\/\/museum-der-philosophie.de\/?page_id=997\" data-type=\"page\" data-id=\"997\"><strong>Mitarbeiterbereich<\/strong><\/a> <\/p>\n\n\n\n<div class=\"wp-block-uagb-container uagb-block-4df53227 default uagb-is-root-container\">\n<div class=\"wp-block-uagb-container uagb-block-6b672c0e alignfull uagb-is-root-container\"><div class=\"uagb-container-inner-blocks-wrap\">\n<div class=\"wp-block-uagb-advanced-heading uagb-block-368ca734\"><h2 class=\"uagb-heading-text\">Abonniere unseren viertelj\u00e4hrlichen kostenlosen <br><strong><big>Newsletter<\/big><\/strong><br>Darin halten wir dich \u00fcber die Entwicklung des Museums-Projekts auf dem Laufenden. Nat\u00fcrlich kannst du ihn jederzeit wieder abbestellen.<\/h2><\/div>\n\n\n\n<div class=\"wp-block-uagb-forms uagb-forms__outer-wrap uagb-block-7f711002 uagb-forms__medium-btn\"><form class=\"uagb-forms-main-form\" method=\"post\" autocomplete=\"on\" name=\"uagb-form-7f711002\">\n<div class=\"wp-block-uagb-forms-name uagb-forms-name-wrap uagb-forms-field-set uagb-block-8055df07\"><div class=\"uagb-forms-name-label required uagb-forms-input-label\" id=\"8055df07\">Name<\/div><input type=\"text\" placeholder=\"\" required class=\"uagb-forms-name-input uagb-forms-input\" name=\"8055df07\" autocomplete=\"off\"\/><\/div>\n\n\n\n<div class=\"wp-block-uagb-forms-email uagb-forms-email-wrap uagb-forms-field-set uagb-block-d802c132\"><div class=\"uagb-forms-email-label required uagb-forms-input-label\" id=\"d802c132\">Email<\/div><input type=\"email\" class=\"uagb-forms-email-input uagb-forms-input\" placeholder=\"\" required name=\"d802c132\" autocomplete=\"off\"\/><\/div>\n<div class=\"uagb-forms-form-hidden-data\"><input type=\"hidden\" class=\"uagb_forms_form_label\" value=\"Spectra Form\"\/><input type=\"hidden\" class=\"uagb_forms_form_id\" value=\"uagb-form-7f711002\"\/><\/div><div class=\"uagb-form-reacaptcha-error-7f711002\"><\/div><div class=\"uagb-forms-main-submit-button-wrap wp-block-button\"><button class=\"uagb-forms-main-submit-button wp-block-button__link\"><div class=\"uagb-forms-main-submit-button-text\">Absenden<\/div><\/button><\/div><\/form><div class=\"uagb-forms-success-message-7f711002 uagb-forms-submit-message-hide\"><span>Du hast den Newsletter erfolgreich bestellt.<\/span><\/div><div class=\"uagb-forms-failed-message-7f711002 uagb-forms-submit-message-hide\"><span>Es gab einen Fehler bei der \u00dcbermittlung. Bitte pr\u00fcfe alle Formularfelder noch einmal.<\/span><\/div><\/div>\n<\/div><\/div>\n<\/div>\n","protected":false},"excerpt":{"rendered":"<p>Anl\u00e4sslich des 300. Geburtstages von Immanuel Kant haben wir am 22. April 2024 unser Museum er\u00f6ffnet. Es ist das erste &hellip; <\/p>\n","protected":false},"author":4,"featured_media":0,"parent":0,"menu_order":0,"comment_status":"closed","ping_status":"closed","template":"template-page-builder-no-sidebar.php","meta":{"_uag_custom_page_level_css":"","footnotes":""},"class_list":["post-1336","page","type-page","status-publish","hentry"],"featured_image_src":null,"uagb_featured_image_src":{"full":false,"thumbnail":false,"medium":false,"medium_large":false,"large":false,"1536x1536":false,"2048x2048":false,"education-zone-banner":false,"education-zone-image-full":false,"education-zone-image":false,"education-zone-recent-post":false,"education-zone-search-result":false,"education-zone-featured-course":false,"education-zone-testimonial":false,"education-zone-blog-full":false,"wpvr_mobile":false},"uagb_author_info":{"display_name":"MEP Redaktion","author_link":"https:\/\/museum-der-philosophie.de\/?author=4"},"uagb_comment_info":0,"uagb_excerpt":"Anl\u00e4sslich des 300. Geburtstages von Immanuel Kant haben wir am 22. April 2024 unser Museum er\u00f6ffnet. Es ist das erste &hellip;","_links":{"self":[{"href":"https:\/\/museum-der-philosophie.de\/index.php?rest_route=\/wp\/v2\/pages\/1336","targetHints":{"allow":["GET"]}}],"collection":[{"href":"https:\/\/museum-der-philosophie.de\/index.php?rest_route=\/wp\/v2\/pages"}],"about":[{"href":"https:\/\/museum-der-philosophie.de\/index.php?rest_route=\/wp\/v2\/types\/page"}],"author":[{"embeddable":true,"href":"https:\/\/museum-der-philosophie.de\/index.php?rest_route=\/wp\/v2\/users\/4"}],"replies":[{"embeddable":true,"href":"https:\/\/museum-der-philosophie.de\/index.php?rest_route=%2Fwp%2Fv2%2Fcomments&post=1336"}],"version-history":[{"count":19,"href":"https:\/\/museum-der-philosophie.de\/index.php?rest_route=\/wp\/v2\/pages\/1336\/revisions"}],"predecessor-version":[{"id":15012,"href":"https:\/\/museum-der-philosophie.de\/index.php?rest_route=\/wp\/v2\/pages\/1336\/revisions\/15012"}],"wp:attachment":[{"href":"https:\/\/museum-der-philosophie.de\/index.php?rest_route=%2Fwp%2Fv2%2Fmedia&parent=1336"}],"curies":[{"name":"wp","href":"https:\/\/api.w.org\/{rel}","templated":true}]}}