{"id":1375,"date":"2022-11-14T11:55:02","date_gmt":"2022-11-14T11:55:02","guid":{"rendered":"https:\/\/museum-der-philosophie.de\/?page_id=1375"},"modified":"2023-07-09T10:58:28","modified_gmt":"2023-07-09T10:58:28","slug":"rechtliches","status":"publish","type":"page","link":"https:\/\/museum-der-philosophie.de\/?page_id=1375","title":{"rendered":"Rechtliches"},"content":{"rendered":"\n<p><strong><a href=\"https:\/\/museum-der-philosophie.de\/?page_id=31\">Impressum<\/a><\/strong><br><strong><a href=\"https:\/\/museum-der-philosophie.de\/?page_id=1498\">Urheberrechte<\/a><\/strong><br><strong><a href=\"https:\/\/museum-der-philosophie.de\/?page_id=1496\">Datenschutzerkl\u00e4rung<\/a><\/strong><br><strong><a href=\"https:\/\/museum-der-philosophie.de\/?page_id=403\">Cookie-Richtlinie<\/a><\/strong><\/p>\n\n\n\n<p><strong>Hinweis zu angebrachten Links<\/strong><br>Auf diesen Seiten befinden sich Links zu anderen Webseiten, auf deren Inhalt und Gestaltung ich keinen Einfluss habe.&nbsp;Hiermit distanziere ich mich ausdr\u00fccklich von allen Inhalten aller gelinkten Seiten und mache mir diese Inhalte nicht zu eigen.<br>Diese Erkl\u00e4rung gilt f\u00fcr alle auf dieser Website und ihren Unterseiten&nbsp;angebrachten Links.<\/p>\n","protected":false},"excerpt":{"rendered":"<p>ImpressumUrheberrechteDatenschutzerkl\u00e4rungCookie-Richtlinie Hinweis zu angebrachten LinksAuf diesen Seiten befinden sich Links zu anderen Webseiten, auf deren Inhalt und Gestaltung ich keinen &hellip; <\/p>\n","protected":false},"author":1,"featured_media":0,"parent":0,"menu_order":0,"comment_status":"closed","ping_status":"closed","template":"","meta":{"_uag_custom_page_level_css":"","footnotes":""},"class_list":["post-1375","page","type-page","status-publish","hentry"],"featured_image_src":null,"uagb_featured_image_src":{"full":false,"thumbnail":false,"medium":false,"medium_large":false,"large":false,"1536x1536":false,"2048x2048":false,"education-zone-banner":false,"education-zone-image-full":false,"education-zone-image":false,"education-zone-recent-post":false,"education-zone-search-result":false,"education-zone-featured-course":false,"education-zone-testimonial":false,"education-zone-blog-full":false,"wpvr_mobile":false},"uagb_author_info":{"display_name":"Klaus F\u00fcrst","author_link":"https:\/\/museum-der-philosophie.de\/?author=1"},"uagb_comment_info":0,"uagb_excerpt":"ImpressumUrheberrechteDatenschutzerkl\u00e4rungCookie-Richtlinie Hinweis zu angebrachten LinksAuf diesen Seiten befinden sich Links zu anderen Webseiten, auf deren Inhalt und Gestaltung ich keinen &hellip;","_links":{"self":[{"href":"https:\/\/museum-der-philosophie.de\/index.php?rest_route=\/wp\/v2\/pages\/1375","targetHints":{"allow":["GET"]}}],"collection":[{"href":"https:\/\/museum-der-philosophie.de\/index.php?rest_route=\/wp\/v2\/pages"}],"about":[{"href":"https:\/\/museum-der-philosophie.de\/index.php?rest_route=\/wp\/v2\/types\/page"}],"author":[{"embeddable":true,"href":"https:\/\/museum-der-philosophie.de\/index.php?rest_route=\/wp\/v2\/users\/1"}],"replies":[{"embeddable":true,"href":"https:\/\/museum-der-philosophie.de\/index.php?rest_route=%2Fwp%2Fv2%2Fcomments&post=1375"}],"version-history":[{"count":2,"href":"https:\/\/museum-der-philosophie.de\/index.php?rest_route=\/wp\/v2\/pages\/1375\/revisions"}],"predecessor-version":[{"id":4670,"href":"https:\/\/museum-der-philosophie.de\/index.php?rest_route=\/wp\/v2\/pages\/1375\/revisions\/4670"}],"wp:attachment":[{"href":"https:\/\/museum-der-philosophie.de\/index.php?rest_route=%2Fwp%2Fv2%2Fmedia&parent=1375"}],"curies":[{"name":"wp","href":"https:\/\/api.w.org\/{rel}","templated":true}]}}