{"id":14582,"date":"2025-04-27T19:56:49","date_gmt":"2025-04-27T17:56:49","guid":{"rendered":"https:\/\/museum-der-philosophie.de\/?page_id=14582"},"modified":"2025-05-20T08:28:22","modified_gmt":"2025-05-20T06:28:22","slug":"philosophie-in-der-kunst-3","status":"publish","type":"page","link":"https:\/\/museum-der-philosophie.de\/?page_id=14582","title":{"rendered":"Galerie SA Vier gro\u00dfe R"},"content":{"rendered":"\n<div class=\"wp-block-uagb-container uagb-block-1027b70f default uagb-is-root-container\">\n<div class=\"wp-block-uagb-container uagb-block-ec3ed652 default uagb-is-root-container\">\n<div class=\"wp-block-uagb-container uagb-block-f8656bab\">\n<div class=\"wp-block-uagb-container uagb-block-b8984cda\">\n<div class=\"wp-block-uagb-advanced-heading uagb-block-2315eff1\"><h1 class=\"uagb-heading-text\">Vier gro\u00dfe <img loading=\"lazy\" decoding=\"async\" width=\"70\" height=\"74\" class=\"wp-image-14587\" style=\"width: 70px;\" src=\"https:\/\/museum-der-philosophie.de\/wp-content\/uploads\/2025\/01\/R_de_color_Rojo1.png\" alt=\"\" srcset=\"https:\/\/museum-der-philosophie.de\/wp-content\/uploads\/2025\/01\/R_de_color_Rojo1.png 405w, https:\/\/museum-der-philosophie.de\/wp-content\/uploads\/2025\/01\/R_de_color_Rojo1-400x425.png 400w, https:\/\/museum-der-philosophie.de\/wp-content\/uploads\/2025\/01\/R_de_color_Rojo1-150x159.png 150w\" sizes=\"auto, (max-width: 70px) 100vw, 70px\" \/> des Barock malen die Philosophie<\/h1><\/div>\n<\/div>\n\n\n\n<div class=\"wp-block-uagb-container uagb-block-f4c9a3d5\">\n<div class=\"wp-block-uagb-container uagb-block-4605379d\">\n<div class=\"wp-block-uagb-container uagb-block-e818bf81\">\n<div class=\"wp-block-uagb-image uagb-block-51f74215 wp-block-uagb-image--layout-default wp-block-uagb-image--effect-static wp-block-uagb-image--align-none\"><figure class=\"wp-block-uagb-image__figure\"><img decoding=\"async\"  sizes=\"auto, (max-width: 480px) 150px\" src=\"https:\/\/museum-der-philosophie.de\/wp-content\/uploads\/2023\/11\/rubens-philosophen-1170x1408.jpg\" alt=\"\" width=\"1170\" height=\"1408\" title=\"\" loading=\"lazy\" role=\"img\"\/><\/figure><\/div>\n<\/div>\n\n\n\n<div class=\"wp-block-uagb-advanced-heading uagb-block-87093bed\"><h1 class=\"uagb-heading-text\"><strong><mark style=\"background-color:rgba(0, 0, 0, 0)\" class=\"has-inline-color has-vivid-red-color\">R<\/mark>ubens<\/strong><\/h1><\/div>\n<\/div>\n\n\n\n<div class=\"wp-block-uagb-container uagb-block-2d9bd1e5\">\n<div class=\"wp-block-uagb-container uagb-block-289e850f\">\n<div class=\"wp-block-uagb-image uagb-block-ba17141a wp-block-uagb-image--layout-default wp-block-uagb-image--effect-static wp-block-uagb-image--align-none\"><figure class=\"wp-block-uagb-image__figure\"><img decoding=\"async\"  sizes=\"auto, (max-width: 480px) 150px\" src=\"https:\/\/museum-der-philosophie.de\/wp-content\/uploads\/2024\/11\/Rembrandt_-_The_Philosopher_in_Meditation1.jpg\" alt=\"\" width=\"1013\" height=\"841\" title=\"\" loading=\"lazy\" role=\"img\"\/><\/figure><\/div>\n<\/div>\n\n\n\n<div class=\"wp-block-uagb-advanced-heading uagb-block-9024752a\"><h2 class=\"uagb-heading-text\"><strong><mark style=\"background-color:rgba(0, 0, 0, 0)\" class=\"has-inline-color has-vivid-red-color\">R<\/mark>embrandt<\/strong><\/h2><\/div>\n<\/div>\n\n\n\n<div class=\"wp-block-uagb-container uagb-block-9a1b99c5\">\n<div class=\"wp-block-uagb-container uagb-block-abe0c91f\">\n<div class=\"wp-block-uagb-image uagb-block-17645c0a wp-block-uagb-image--layout-default wp-block-uagb-image--effect-static wp-block-uagb-image--align-none\"><figure class=\"wp-block-uagb-image__figure\"><img decoding=\"async\"  sizes=\"auto, (max-width: 480px) 150px\" src=\"https:\/\/museum-der-philosophie.de\/wp-content\/uploads\/2024\/11\/1024px-Two_philosophers__by_Ribera_1_.jpg\" alt=\"\" width=\"1024\" height=\"646\" title=\"\" loading=\"lazy\" role=\"img\"\/><\/figure><\/div>\n<\/div>\n\n\n\n<div class=\"wp-block-uagb-advanced-heading uagb-block-d3d9a89c\"><h2 class=\"uagb-heading-text\"><strong><mark style=\"background-color:rgba(0, 0, 0, 0)\" class=\"has-inline-color has-vivid-red-color\">R<\/mark>ibera<\/strong><\/h2><\/div>\n<\/div>\n\n\n\n<div class=\"wp-block-uagb-container uagb-block-4b844354\">\n<div class=\"wp-block-uagb-container uagb-block-adbf4b1c\">\n<div class=\"wp-block-uagb-image uagb-block-d35a7870 wp-block-uagb-image--layout-default wp-block-uagb-image--effect-static wp-block-uagb-image--align-none\"><figure class=\"wp-block-uagb-image__figure\"><img decoding=\"async\"  sizes=\"auto, (max-width: 480px) 150px\" src=\"https:\/\/museum-der-philosophie.de\/wp-content\/uploads\/2024\/11\/rosa-philosophie.jpg\" alt=\"\" width=\"648\" height=\"800\" title=\"\" loading=\"lazy\" role=\"img\"\/><\/figure><\/div>\n<\/div>\n\n\n\n<div class=\"wp-block-uagb-advanced-heading uagb-block-5571b296\"><h2 class=\"uagb-heading-text\"><strong><mark style=\"background-color:rgba(0, 0, 0, 0)\" class=\"has-inline-color has-vivid-red-color\">R<\/mark>osa<\/strong><\/h2><\/div>\n<\/div>\n<\/div>\n\n\n\n<p><\/p>\n<\/div>\n\n\n\n<div class=\"wp-block-uagb-container uagb-block-998ec957\">\n<div class=\"wp-block-uagb-advanced-heading uagb-block-8d86f5f9\"><p class=\"uagb-desc-text\">Sonderausstellung<\/p><h1 class=\"uagb-heading-text\">Vier gro\u00dfe R<\/h1><\/div>\n\n\n\n<p>In der Zeit des Barock waren religi\u00f6se und mythologische Sujets sehr beliebt, ebenso die Darstellung ber\u00fchmter antiker und mittelalterlicher Personen in fiktiven Portr\u00e4ts. In dieser Ausstellung pr\u00e4sentieren wir vier Gro\u00dfmeister des Barock, die sich Personen und Themen aus dem Reich der Philosophie angenommen haben.<\/p>\n\n\n\n<div class=\"wp-block-uagb-container uagb-block-ba2d0c96\">\n<div class=\"wp-block-uagb-container uagb-block-4df78aa1\">\n<figure class=\"wp-block-image size-full\"><a href=\"https:\/\/museum-der-philosophie.de\/?page_id=14448\"><img loading=\"lazy\" decoding=\"async\" width=\"200\" height=\"79\" src=\"https:\/\/museum-der-philosophie.de\/wp-content\/uploads\/2025\/01\/pfeil-rechts-Rundgang.png\" alt=\"\" class=\"wp-image-14058\" srcset=\"https:\/\/museum-der-philosophie.de\/wp-content\/uploads\/2025\/01\/pfeil-rechts-Rundgang.png 200w, https:\/\/museum-der-philosophie.de\/wp-content\/uploads\/2025\/01\/pfeil-rechts-Rundgang-150x59.png 150w\" sizes=\"auto, (max-width: 200px) 100vw, 200px\" \/><\/a><\/figure>\n<\/div>\n<\/div>\n<\/div>\n<\/div>\n<\/div>\n","protected":false},"excerpt":{"rendered":"<p>Vier gro\u00dfe des Barock malen die Philosophie Rubens Rembrandt Ribera Rosa Sonderausstellung Vier gro\u00dfe R In der Zeit des Barock &hellip; <\/p>\n","protected":false},"author":1,"featured_media":0,"parent":3140,"menu_order":0,"comment_status":"closed","ping_status":"closed","template":"template-page-builder-no-header-footer.php","meta":{"_uag_custom_page_level_css":"","footnotes":""},"class_list":["post-14582","page","type-page","status-publish","hentry"],"featured_image_src":null,"uagb_featured_image_src":{"full":false,"thumbnail":false,"medium":false,"medium_large":false,"large":false,"1536x1536":false,"2048x2048":false,"education-zone-banner":false,"education-zone-image-full":false,"education-zone-image":false,"education-zone-recent-post":false,"education-zone-search-result":false,"education-zone-featured-course":false,"education-zone-testimonial":false,"education-zone-blog-full":false,"wpvr_mobile":false},"uagb_author_info":{"display_name":"Klaus F\u00fcrst","author_link":"https:\/\/museum-der-philosophie.de\/?author=1"},"uagb_comment_info":0,"uagb_excerpt":"Vier gro\u00dfe des Barock malen die Philosophie Rubens Rembrandt Ribera Rosa Sonderausstellung Vier gro\u00dfe R In der Zeit des Barock &hellip;","_links":{"self":[{"href":"https:\/\/museum-der-philosophie.de\/index.php?rest_route=\/wp\/v2\/pages\/14582","targetHints":{"allow":["GET"]}}],"collection":[{"href":"https:\/\/museum-der-philosophie.de\/index.php?rest_route=\/wp\/v2\/pages"}],"about":[{"href":"https:\/\/museum-der-philosophie.de\/index.php?rest_route=\/wp\/v2\/types\/page"}],"author":[{"embeddable":true,"href":"https:\/\/museum-der-philosophie.de\/index.php?rest_route=\/wp\/v2\/users\/1"}],"replies":[{"embeddable":true,"href":"https:\/\/museum-der-philosophie.de\/index.php?rest_route=%2Fwp%2Fv2%2Fcomments&post=14582"}],"version-history":[{"count":18,"href":"https:\/\/museum-der-philosophie.de\/index.php?rest_route=\/wp\/v2\/pages\/14582\/revisions"}],"predecessor-version":[{"id":15853,"href":"https:\/\/museum-der-philosophie.de\/index.php?rest_route=\/wp\/v2\/pages\/14582\/revisions\/15853"}],"up":[{"embeddable":true,"href":"https:\/\/museum-der-philosophie.de\/index.php?rest_route=\/wp\/v2\/pages\/3140"}],"wp:attachment":[{"href":"https:\/\/museum-der-philosophie.de\/index.php?rest_route=%2Fwp%2Fv2%2Fmedia&parent=14582"}],"curies":[{"name":"wp","href":"https:\/\/api.w.org\/{rel}","templated":true}]}}