{"id":14612,"date":"2025-02-09T18:20:45","date_gmt":"2025-02-09T16:20:45","guid":{"rendered":"https:\/\/museum-der-philosophie.de\/?page_id=14612"},"modified":"2025-05-14T20:59:27","modified_gmt":"2025-05-14T18:59:27","slug":"philosophie-in-der-kunst-3-2","status":"publish","type":"page","link":"https:\/\/museum-der-philosophie.de\/?page_id=14612","title":{"rendered":"Galerie"},"content":{"rendered":"\n<div class=\"wp-block-uagb-container uagb-block-1027b70f default uagb-is-root-container\">\n<div class=\"wp-block-uagb-container uagb-block-929ff97f\">\n<div class=\"wp-block-uagb-container uagb-block-11e92a29\">\n<div class=\"wp-block-uagb-container uag-hide-mob uagb-block-30ae4036 alignfull uagb-is-root-container\"><div class=\"uagb-container-inner-blocks-wrap\">\n<div class=\"wp-block-uagb-container uagb-block-55d7099b\">\n<div class=\"wp-block-uagb-modal uagb-block-8075ad28 uagb-modal-wrapper\" data-escpress=\"enable\" data-overlayclick=\"enable\"><img decoding=\"async\" src=\"https:\/\/museum-der-philosophie.de\/wp-content\/uploads\/2024\/11\/2000px-Hamburger_icon.svg1_-400x400.png\" alt=\"\" class=\"uagb-modal-trigger\" width=\"400\" height=\"400\" loading=\"lazy\"\/><div class=\"uagb-effect-default uagb-modal-popup uagb-block-8075ad28 uagb-modal-type-undefined\"><div class=\"uagb-modal-popup-wrap\"><div class=\"uagb-modal-popup-content\"><form role=\"search\" method=\"get\" action=\"https:\/\/museum-der-philosophie.de\/\" class=\"wp-block-search__button-outside wp-block-search__text-button wp-block-search\"    ><label class=\"wp-block-search__label\" for=\"wp-block-search__input-1\"  style=\"font-size: 20px\"><strong>Suchen<\/strong><\/label><div class=\"wp-block-search__inside-wrapper\" ><input class=\"wp-block-search__input\" id=\"wp-block-search__input-1\" placeholder=\"\" value=\"\" type=\"search\" name=\"s\" required  style=\"font-size: 20px\"\/><button aria-label=\"Suchen\" class=\"wp-block-search__button wp-element-button\" type=\"submit\"  style=\"font-size: 20px\">Suchen<\/button><\/div><\/form>\n\n\n<div style=\"height:30px\" aria-hidden=\"true\" class=\"wp-block-spacer\"><\/div>\n\n\n\n<div class=\"wp-block-columns is-layout-flex wp-container-core-columns-is-layout-9d6595d7 wp-block-columns-is-layout-flex\">\n<div class=\"wp-block-column is-layout-flow wp-block-column-is-layout-flow\" style=\"font-size:18px\">\n<p class=\"has-text-align-left\" style=\"font-size:20px\"><strong>Wegweiser<\/strong><\/p>\n\n\n\n<p style=\"font-size:20px\"><a href=\"https:\/\/museum-der-philosophie.de\/\">Startseite<\/a><\/p>\n\n\n\n<p style=\"font-size:20px\"><a href=\"https:\/\/museum-der-philosophie.de\/?page_id=561#a11\" data-type=\"page\" data-id=\"561\">Wegweiser<\/a><\/p>\n\n\n\n<p style=\"font-size:20px\"><a href=\"https:\/\/museum-der-philosophie.de\/?page_id=3109\" data-type=\"page\" data-id=\"3109\">Themen und Objekte<\/a><\/p>\n\n\n\n<p style=\"font-size:20px\"><a href=\"https:\/\/museum-der-philosophie.de\/?page_id=12381\">Ideen und Ereignisse<\/a><\/p>\n\n\n\n<p style=\"font-size:20px\"><a href=\"https:\/\/museum-der-philosophie.de\/?page_id=9393#a0\" data-type=\"page\" data-id=\"9393\">Was gibt&#8217;s Neues<\/a><\/p>\n\n\n\n<p style=\"font-size:20px\"><a href=\"https:\/\/museum-der-philosophie.de\/?page_id=11208#a0\" data-type=\"page\" data-id=\"11208\">Kalenderblatt<\/a><\/p>\n<\/div>\n\n\n\n<div class=\"wp-block-column is-layout-flow wp-block-column-is-layout-flow\">\n<p class=\"has-text-align-left\" style=\"font-size:20px\"><strong>R\u00e4ume<\/strong><\/p>\n\n\n\n<p style=\"font-size:20px\"><a href=\"https:\/\/museum-der-philosophie.de\/?page_id=561#a0\" data-type=\"page\" data-id=\"561\">Empfangshalle<\/a><\/p>\n\n\n\n<p style=\"font-size:20px\"><a href=\"https:\/\/museum-der-philosophie.de\/?page_id=3140\" data-type=\"page\" data-id=\"3140\">Sonderausstellung<\/a><\/p>\n\n\n\n<p style=\"font-size:20px\"><a href=\"https:\/\/museum-der-philosophie.de\/?page_id=688\" data-type=\"page\" data-id=\"688\">Ruhmeshalle<\/a><\/p>\n\n\n\n<p style=\"font-size:20px\"><a href=\"https:\/\/museum-der-philosophie.de\/?page_id=14612\" data-type=\"page\" data-id=\"688\">Kunstgalerie<\/a><\/p>\n\n\n\n<p style=\"font-size:20px\"><a href=\"https:\/\/museum-der-philosophie.de\/?page_id=1171\" data-type=\"page\" data-id=\"1171\">Bibliothek<\/a><\/p>\n\n\n\n<p style=\"font-size:20px\"><a href=\"https:\/\/museum-der-philosophie.de\/?page_id=3375\" data-type=\"page\" data-id=\"3375\">Zitaten-Schatzkammer<\/a><\/p>\n\n\n\n<p style=\"font-size:20px\"><a href=\"https:\/\/museum-der-philosophie.de\/?page_id=838\" data-type=\"page\" data-id=\"838\">Kids&#8216; Philosophy<\/a><\/p>\n\n\n\n<p style=\"font-size:20px\"><a href=\"https:\/\/museum-der-philosophie.de\/?page_id=6128\" data-type=\"page\" data-id=\"6128\">Kinosaal<\/a><\/p>\n\n\n\n<p style=\"font-size:20px\"><a href=\"https:\/\/museum-der-philosophie.de\/?page_id=1959\" data-type=\"page\" data-id=\"1959\">Debattenraum<\/a><\/p>\n<\/div>\n\n\n\n<div class=\"wp-block-column is-layout-flow wp-block-column-is-layout-flow\">\n<p style=\"font-size:20px\"><strong>Das Museum<\/strong><\/p>\n\n\n\n<p style=\"font-size:20px\"><a href=\"https:\/\/museum-der-philosophie.de\/?page_id=1336\" data-type=\"page\" data-id=\"1336\">\u00dcber uns<\/a><\/p>\n\n\n\n<p style=\"font-size:20px\"><a href=\"https:\/\/museum-der-philosophie.de\/?p=13711\" data-type=\"post\" data-id=\"13711\">Bildschirmdarstellung<\/a><\/p>\n\n\n\n<p style=\"font-size:20px\"><a href=\"https:\/\/museum-der-philosophie.de\/?page_id=9363\" data-type=\"page\" data-id=\"9363\">Partner und Unterst\u00fctzer<\/a><\/p>\n\n\n\n<p style=\"font-size:20px\"><a href=\"https:\/\/museum-der-philosophie.de\/?page_id=2054\" data-type=\"page\" data-id=\"2054\">Mitmachen<\/a><\/p>\n\n\n\n<p style=\"font-size:20px\"><a href=\"https:\/\/museum-der-philosophie.de\/?page_id=7106\" data-type=\"page\" data-id=\"7106\">Newsletter<\/a><\/p>\n\n\n\n<p style=\"font-size:20px\"><a href=\"https:\/\/museum-der-philosophie.de\/?page_id=1375\" data-type=\"page\" data-id=\"1375\">Rechtliches \/ Impressum<\/a><\/p>\n\n\n\n<p style=\"font-size:20px\"><strong><mark style=\"background-color:rgba(0, 0, 0, 0)\" class=\"has-inline-color has-luminous-vivid-orange-color\">Bitte trage dich in unser<br><a href=\"https:\/\/museum-der-philosophie.de\/?page_id=1900\" data-type=\"page\" data-id=\"1900\">G\u00e4stebuch<\/a> ein.<br>\u00dcber ein paar Zeilen w\u00fcrden wir uns sehr freuen.<\/mark><\/strong><\/p>\n<\/div>\n<\/div>\n<\/div><button class=\"uagb-modal-popup-close\" aria-label=\"Close Modal\"><svg xmlns=\"https:\/\/www.w3.org\/2000\/svg\" viewBox=\"0 0 320 512\"><path d=\"M310.6 361.4c12.5 12.5 12.5 32.75 0 45.25C304.4 412.9 296.2 416 288 416s-16.38-3.125-22.62-9.375L160 301.3L54.63 406.6C48.38 412.9 40.19 416 32 416S15.63 412.9 9.375 406.6c-12.5-12.5-12.5-32.75 0-45.25l105.4-105.4L9.375 150.6c-12.5-12.5-12.5-32.75 0-45.25s32.75-12.5 45.25 0L160 210.8l105.4-105.4c12.5-12.5 32.75-12.5 45.25 0s12.5 32.75 0 45.25l-105.4 105.4L310.6 361.4z\"><\/path><\/svg><\/button><\/div><\/div><\/div>\n<\/div>\n\n\n\n<div class=\"wp-block-uagb-container uag-hide-mob uagb-block-409a2407 default uagb-is-root-container\">\n<div class=\"wp-block-uagb-advanced-heading uagb-block-f62181c7\"><div class=\"uagb-heading-text\">Men\u00fc<\/div><\/div>\n<\/div>\n<\/div><\/div>\n<\/div>\n\n\n\n<div class=\"wp-block-uagb-container uagb-block-faf2691a\">\n<div class=\"wp-block-uagb-container uagb-block-6b6619f1\">\n<div class=\"wp-block-uagb-advanced-heading uagb-block-a8cb5ef4\"><h1 class=\"uagb-heading-text\">Dauer-Ausstellung<\/h1><\/div>\n\n\n\n<div class=\"wp-block-uagb-container uagb-block-02e18d25\"><div class=\"wp-block-image\">\n<figure class=\"aligncenter size-full\"><a href=\"https:\/\/museum-der-philosophie.de\/?page_id=14091\"><img loading=\"lazy\" decoding=\"async\" width=\"200\" height=\"79\" src=\"https:\/\/museum-der-philosophie.de\/wp-content\/uploads\/2025\/01\/pfeil-links-Rundgang-Schatten.png\" alt=\"\" class=\"wp-image-14039\" srcset=\"https:\/\/museum-der-philosophie.de\/wp-content\/uploads\/2025\/01\/pfeil-links-Rundgang-Schatten.png 200w, https:\/\/museum-der-philosophie.de\/wp-content\/uploads\/2025\/01\/pfeil-links-Rundgang-Schatten-150x59.png 150w\" sizes=\"auto, (max-width: 200px) 100vw, 200px\" \/><\/a><\/figure>\n<\/div><\/div>\n<\/div>\n<\/div>\n<\/div>\n\n\n\n<div class=\"wp-block-uagb-container uagb-block-ec3ed652 default uagb-is-root-container\">\n<div class=\"wp-block-uagb-container uagb-block-f8656bab\">\n<div class=\"wp-block-uagb-container uagb-block-c05aaf6d\">\n<div class=\"wp-block-uagb-advanced-heading uagb-block-01a60309\"><h1 class=\"uagb-heading-text\"><strong>GALERIE<\/strong> im WEISEN HAUS<\/h1><\/div>\n<\/div>\n\n\n\n<div class=\"wp-block-uagb-container uagb-block-cfa065dc\">\n<div class=\"wp-block-uagb-container uagb-block-3c67089f\">\n<div class=\"wp-block-uagb-container uagb-block-adb80a71\">\n<div class=\"wp-block-uagb-advanced-heading uagb-block-77ce4d46\"><h2 class=\"uagb-heading-text\">Dauerausstellung<\/h2><p class=\"uagb-desc-text\">Wir pr\u00e4sentieren Gem\u00e4lde, Zeichnungen und Druckgrafik sowie eine Skulpturensammlung.<br>Beginne links mit dem Rundgang.<\/p><\/div>\n<\/div>\n\n\n\n<div class=\"wp-block-uagb-container uagb-block-a31d31a0\">\n<div class=\"wp-block-uagb-advanced-heading uagb-block-4954d8c0\"><h2 class=\"uagb-heading-text\">Sonderausstellung<\/h2><p class=\"uagb-desc-text\">Unsere aktuelle Sonderausstellung widmet sich vier gro\u00dfen Malern des Barock.<br>Beginne rechts mit dem Rundgang.<\/p><\/div>\n<\/div>\n<\/div>\n<\/div>\n\n\n\n<div class=\"wp-block-uagb-container uagb-block-de37b8b7\"><div class=\"wp-block-image\">\n<figure class=\"aligncenter size-full\"><img loading=\"lazy\" decoding=\"async\" width=\"446\" height=\"560\" src=\"https:\/\/museum-der-philosophie.de\/wp-content\/uploads\/2023\/12\/rousseau_jung-removebg-preview.png\" alt=\"\" class=\"wp-image-7920\" srcset=\"https:\/\/museum-der-philosophie.de\/wp-content\/uploads\/2023\/12\/rousseau_jung-removebg-preview.png 446w, https:\/\/museum-der-philosophie.de\/wp-content\/uploads\/2023\/12\/rousseau_jung-removebg-preview-400x502.png 400w, https:\/\/museum-der-philosophie.de\/wp-content\/uploads\/2023\/12\/rousseau_jung-removebg-preview-150x188.png 150w\" sizes=\"auto, (max-width: 446px) 100vw, 446px\" \/><\/figure>\n<\/div><\/div>\n<\/div>\n\n\n\n<div class=\"wp-block-uagb-container uagb-block-998ec957\">\n<div class=\"wp-block-uagb-container uagb-block-dfc9bd8e\">\n<div class=\"wp-block-uagb-container uagb-block-635efd1e\">\n<div class=\"wp-block-uagb-advanced-heading uagb-block-8852aba5\"><h1 class=\"uagb-heading-text\">Sonder-Ausstellung<\/h1><\/div>\n\n\n\n<div class=\"wp-block-uagb-container uagb-block-338af726\"><div class=\"wp-block-image\">\n<figure class=\"aligncenter size-full\"><a href=\"https:\/\/museum-der-philosophie.de\/?page_id=14582\"><img loading=\"lazy\" decoding=\"async\" width=\"200\" height=\"79\" src=\"https:\/\/museum-der-philosophie.de\/wp-content\/uploads\/2025\/01\/pfeil-rechts-Rundgang-Schatten.png\" alt=\"\" class=\"wp-image-14057\" srcset=\"https:\/\/museum-der-philosophie.de\/wp-content\/uploads\/2025\/01\/pfeil-rechts-Rundgang-Schatten.png 200w, https:\/\/museum-der-philosophie.de\/wp-content\/uploads\/2025\/01\/pfeil-rechts-Rundgang-Schatten-150x59.png 150w\" sizes=\"auto, (max-width: 200px) 100vw, 200px\" \/><\/a><\/figure>\n<\/div><\/div>\n<\/div>\n<\/div>\n<\/div>\n<\/div>\n<\/div>\n","protected":false},"excerpt":{"rendered":"<p>Men\u00fc Dauer-Ausstellung GALERIE im WEISEN HAUS Dauerausstellung Wir pr\u00e4sentieren Gem\u00e4lde, Zeichnungen und Druckgrafik sowie eine Skulpturensammlung.Beginne links mit dem Rundgang. &hellip; <\/p>\n","protected":false},"author":1,"featured_media":0,"parent":561,"menu_order":0,"comment_status":"closed","ping_status":"closed","template":"template-page-builder-no-header-footer.php","meta":{"_uag_custom_page_level_css":"","footnotes":""},"class_list":["post-14612","page","type-page","status-publish","hentry"],"featured_image_src":null,"uagb_featured_image_src":{"full":false,"thumbnail":false,"medium":false,"medium_large":false,"large":false,"1536x1536":false,"2048x2048":false,"education-zone-banner":false,"education-zone-image-full":false,"education-zone-image":false,"education-zone-recent-post":false,"education-zone-search-result":false,"education-zone-featured-course":false,"education-zone-testimonial":false,"education-zone-blog-full":false,"wpvr_mobile":false},"uagb_author_info":{"display_name":"Klaus F\u00fcrst","author_link":"https:\/\/museum-der-philosophie.de\/?author=1"},"uagb_comment_info":0,"uagb_excerpt":"Men\u00fc Dauer-Ausstellung GALERIE im WEISEN HAUS Dauerausstellung Wir pr\u00e4sentieren Gem\u00e4lde, Zeichnungen und Druckgrafik sowie eine Skulpturensammlung.Beginne links mit dem Rundgang. &hellip;","_links":{"self":[{"href":"https:\/\/museum-der-philosophie.de\/index.php?rest_route=\/wp\/v2\/pages\/14612","targetHints":{"allow":["GET"]}}],"collection":[{"href":"https:\/\/museum-der-philosophie.de\/index.php?rest_route=\/wp\/v2\/pages"}],"about":[{"href":"https:\/\/museum-der-philosophie.de\/index.php?rest_route=\/wp\/v2\/types\/page"}],"author":[{"embeddable":true,"href":"https:\/\/museum-der-philosophie.de\/index.php?rest_route=\/wp\/v2\/users\/1"}],"replies":[{"embeddable":true,"href":"https:\/\/museum-der-philosophie.de\/index.php?rest_route=%2Fwp%2Fv2%2Fcomments&post=14612"}],"version-history":[{"count":15,"href":"https:\/\/museum-der-philosophie.de\/index.php?rest_route=\/wp\/v2\/pages\/14612\/revisions"}],"predecessor-version":[{"id":15889,"href":"https:\/\/museum-der-philosophie.de\/index.php?rest_route=\/wp\/v2\/pages\/14612\/revisions\/15889"}],"up":[{"embeddable":true,"href":"https:\/\/museum-der-philosophie.de\/index.php?rest_route=\/wp\/v2\/pages\/561"}],"wp:attachment":[{"href":"https:\/\/museum-der-philosophie.de\/index.php?rest_route=%2Fwp%2Fv2%2Fmedia&parent=14612"}],"curies":[{"name":"wp","href":"https:\/\/api.w.org\/{rel}","templated":true}]}}