{"id":1498,"date":"2022-11-16T13:46:06","date_gmt":"2022-11-16T13:46:06","guid":{"rendered":"https:\/\/museum-der-philosophie.de\/?page_id=1498"},"modified":"2025-02-09T07:56:45","modified_gmt":"2025-02-09T05:56:45","slug":"urheberrechte","status":"publish","type":"page","link":"https:\/\/museum-der-philosophie.de\/?page_id=1498","title":{"rendered":"Urheberrechte"},"content":{"rendered":"\n<h4 class=\"wp-block-heading\">Lizenz<\/h4>\n\n\n\n<p>Alle auf diesen Seiten pr\u00e4sentierten Inhalte stehen, sofern es sich nicht um fremdes Eigentum handelt,  unter der Lizenz <a rel=\"noreferrer noopener\" href=\"https:\/\/creativecommons.org\/licenses\/by-nc-sa\/4.0\/\" target=\"_blank\">CC BY-NC-SA 4.0<\/a> <br>Sie d\u00fcrfen zu nichtkommerziellen Zwecken genutzt werden. Dabei ist der Urheber anzugeben (&#8222;Museum der Philosophie&#8220;); die Weitergabe hat unter der gleichen Lizenz zu erfolgen. <\/p>\n\n\n\n<h4 class=\"wp-block-heading\">Rechtenachweis f\u00fcr Fremdobjekte<\/h4>\n\n\n\n<p>Fremde Objekte, die von uns verwendet werden, und f\u00fcr die uns Anspr\u00fcche Dritter bekannt sind, werden in jedem Exponat verzeichnet. <br>Nicht deklarierte Bilder sind gemeinfrei (public domain) und k\u00f6nnen ohne unsere Einwilligung verwendet werden.<\/p>\n\n\n\n<div class=\"wp-block-uagb-container uag-hide-desktop uag-hide-tab uag-hide-mob uagb-block-b84eb830 alignfull uagb-is-root-container\"><div class=\"uagb-container-inner-blocks-wrap\">\n<h4 class=\"wp-block-heading\">Literaturnachweis <\/h4>\n\n\n\n<p>Quellennachweise finden sich am Ende des jeweiligen Beitrages. <br>Die folgenden Quellen werden von uns des \u00d6fteren genutzt und wie folgt zitiert:<\/p>\n\n\n\n<p>H\u00f6ffe 2007 = H\u00f6ffe, Ottfried: &#8222;Kleine Geschichte der Philosophie&#8220; M\u00fcnchen: Beck 2007<br>IEP = <a href=\"https:\/\/iep.utm.edu\/\" target=\"_blank\" rel=\"noreferrer noopener\">Internet Encyclopedia of Philosophy<\/a><br>St\u00f6rig 1950 = St\u00f6rig, Hans Joachim &#8222;Kleine Weltgeschichte der Philosophie&#8220; Stuttgart: Hausb\u00fccherei&nbsp;1950<br>Vorl\u00e4nder 1908 = Vorl\u00e4nder, Karl &#8222;Geschichte der Philosophie&#8220; F.&nbsp;Meiner, Leipzig 1903 (2. Band 1908)<br>Weischedel 1993 = Weischedel, Wilhelm &#8222;Die philosophische Hintertreppe&#8220; M\u00fcnchen: dtv 1993<br>Winkler = Heinrich August Winkler &#8222;Geschichte des Westens&#8220; M\u00fcnchen: Beck 2010<\/p>\n<\/div><\/div>\n","protected":false},"excerpt":{"rendered":"<p>Lizenz Alle auf diesen Seiten pr\u00e4sentierten Inhalte stehen, sofern es sich nicht um fremdes Eigentum handelt, unter der Lizenz CC &hellip; <\/p>\n","protected":false},"author":1,"featured_media":0,"parent":1375,"menu_order":0,"comment_status":"closed","ping_status":"closed","template":"","meta":{"_uag_custom_page_level_css":"","footnotes":""},"class_list":["post-1498","page","type-page","status-publish","hentry"],"featured_image_src":null,"uagb_featured_image_src":{"full":false,"thumbnail":false,"medium":false,"medium_large":false,"large":false,"1536x1536":false,"2048x2048":false,"education-zone-banner":false,"education-zone-image-full":false,"education-zone-image":false,"education-zone-recent-post":false,"education-zone-search-result":false,"education-zone-featured-course":false,"education-zone-testimonial":false,"education-zone-blog-full":false,"wpvr_mobile":false},"uagb_author_info":{"display_name":"Klaus F\u00fcrst","author_link":"https:\/\/museum-der-philosophie.de\/?author=1"},"uagb_comment_info":0,"uagb_excerpt":"Lizenz Alle auf diesen Seiten pr\u00e4sentierten Inhalte stehen, sofern es sich nicht um fremdes Eigentum handelt, unter der Lizenz CC &hellip;","_links":{"self":[{"href":"https:\/\/museum-der-philosophie.de\/index.php?rest_route=\/wp\/v2\/pages\/1498","targetHints":{"allow":["GET"]}}],"collection":[{"href":"https:\/\/museum-der-philosophie.de\/index.php?rest_route=\/wp\/v2\/pages"}],"about":[{"href":"https:\/\/museum-der-philosophie.de\/index.php?rest_route=\/wp\/v2\/types\/page"}],"author":[{"embeddable":true,"href":"https:\/\/museum-der-philosophie.de\/index.php?rest_route=\/wp\/v2\/users\/1"}],"replies":[{"embeddable":true,"href":"https:\/\/museum-der-philosophie.de\/index.php?rest_route=%2Fwp%2Fv2%2Fcomments&post=1498"}],"version-history":[{"count":21,"href":"https:\/\/museum-der-philosophie.de\/index.php?rest_route=\/wp\/v2\/pages\/1498\/revisions"}],"predecessor-version":[{"id":15061,"href":"https:\/\/museum-der-philosophie.de\/index.php?rest_route=\/wp\/v2\/pages\/1498\/revisions\/15061"}],"up":[{"embeddable":true,"href":"https:\/\/museum-der-philosophie.de\/index.php?rest_route=\/wp\/v2\/pages\/1375"}],"wp:attachment":[{"href":"https:\/\/museum-der-philosophie.de\/index.php?rest_route=%2Fwp%2Fv2%2Fmedia&parent=1498"}],"curies":[{"name":"wp","href":"https:\/\/api.w.org\/{rel}","templated":true}]}}