{"id":16524,"date":"2025-09-03T21:31:02","date_gmt":"2025-09-03T19:31:02","guid":{"rendered":"https:\/\/museum-der-philosophie.de\/?page_id=16524"},"modified":"2025-09-03T22:13:03","modified_gmt":"2025-09-03T20:13:03","slug":"auf-der-jagd-nach-falschzitaten-in-memoriam-gerald-krieghofer","status":"publish","type":"page","link":"https:\/\/museum-der-philosophie.de\/?page_id=16524","title":{"rendered":"Auf der Jagd nach Falschzitaten &#8211; in memoriam Gerald Krieghofer"},"content":{"rendered":"\n<div id=\"a0\" class=\"wp-block-uagb-container uagb-block-1027b70f default uagb-is-root-container\">\n<div class=\"wp-block-uagb-container uagb-block-929ff97f\">\n<div class=\"wp-block-uagb-container uagb-block-11e92a29\">\n<div class=\"wp-block-uagb-container uag-hide-mob uagb-block-30ae4036 alignfull uagb-is-root-container\"><div class=\"uagb-container-inner-blocks-wrap\">\n<div class=\"wp-block-uagb-container uagb-block-55d7099b\">\n<div class=\"wp-block-uagb-modal uagb-block-8075ad28 uagb-modal-wrapper\" data-escpress=\"enable\" data-overlayclick=\"enable\"><img decoding=\"async\" src=\"https:\/\/museum-der-philosophie.de\/wp-content\/uploads\/2024\/11\/2000px-Hamburger_icon.svg1_-400x400.png\" alt=\"\" class=\"uagb-modal-trigger\" width=\"400\" height=\"400\" loading=\"lazy\"\/><div class=\"uagb-effect-default uagb-modal-popup uagb-block-8075ad28 uagb-modal-type-undefined\"><div class=\"uagb-modal-popup-wrap\"><div class=\"uagb-modal-popup-content\"><form role=\"search\" method=\"get\" action=\"https:\/\/museum-der-philosophie.de\/\" class=\"wp-block-search__button-outside wp-block-search__text-button wp-block-search\"    ><label class=\"wp-block-search__label\" for=\"wp-block-search__input-1\"  style=\"font-size: 20px\"><strong>Suchen<\/strong><\/label><div class=\"wp-block-search__inside-wrapper\" ><input class=\"wp-block-search__input\" id=\"wp-block-search__input-1\" placeholder=\"\" value=\"\" type=\"search\" name=\"s\" required  style=\"font-size: 20px\"\/><button aria-label=\"Suchen\" class=\"wp-block-search__button wp-element-button\" type=\"submit\"  style=\"font-size: 20px\">Suchen<\/button><\/div><\/form>\n\n\n<div style=\"height:30px\" aria-hidden=\"true\" class=\"wp-block-spacer\"><\/div>\n\n\n\n<div class=\"wp-block-columns is-layout-flex wp-container-core-columns-is-layout-9d6595d7 wp-block-columns-is-layout-flex\">\n<div class=\"wp-block-column is-layout-flow wp-block-column-is-layout-flow\" style=\"font-size:18px\">\n<p class=\"has-text-align-left\" style=\"font-size:20px\"><strong>Wegweiser<\/strong><\/p>\n\n\n\n<p style=\"font-size:20px\"><a href=\"https:\/\/museum-der-philosophie.de\/\">Startseite<\/a><\/p>\n\n\n\n<p style=\"font-size:20px\"><a href=\"https:\/\/museum-der-philosophie.de\/?page_id=561#a11\" data-type=\"page\" data-id=\"561\">Wegweiser<\/a><\/p>\n\n\n\n<p style=\"font-size:20px\"><a href=\"https:\/\/museum-der-philosophie.de\/?page_id=3109\" data-type=\"page\" data-id=\"3109\">Themen und Objekte<\/a><\/p>\n\n\n\n<p style=\"font-size:20px\"><a href=\"https:\/\/museum-der-philosophie.de\/?page_id=12381\">Ideen und Ereignisse<\/a><\/p>\n\n\n\n<p style=\"font-size:20px\"><a href=\"https:\/\/museum-der-philosophie.de\/?page_id=9393#a0\" data-type=\"page\" data-id=\"9393\">Was gibt&#8217;s Neues<\/a><\/p>\n\n\n\n<p style=\"font-size:20px\"><a href=\"https:\/\/museum-der-philosophie.de\/?page_id=11208#a0\" data-type=\"page\" data-id=\"11208\">Kalenderblatt<\/a><\/p>\n<\/div>\n\n\n\n<div class=\"wp-block-column is-layout-flow wp-block-column-is-layout-flow\">\n<p class=\"has-text-align-left\" style=\"font-size:20px\"><strong>R\u00e4ume<\/strong><\/p>\n\n\n\n<p style=\"font-size:20px\"><a href=\"https:\/\/museum-der-philosophie.de\/?page_id=561#a0\" data-type=\"page\" data-id=\"561\">Empfangshalle<\/a><\/p>\n\n\n\n<p style=\"font-size:20px\"><a href=\"https:\/\/museum-der-philosophie.de\/?page_id=3140\" data-type=\"page\" data-id=\"3140\">Sonderausstellung<\/a><\/p>\n\n\n\n<p style=\"font-size:20px\"><a href=\"https:\/\/museum-der-philosophie.de\/?page_id=688\" data-type=\"page\" data-id=\"688\">Ruhmeshalle<\/a><\/p>\n\n\n\n<p style=\"font-size:20px\"><a href=\"https:\/\/museum-der-philosophie.de\/?page_id=14612\" data-type=\"page\" data-id=\"688\">Kunstgalerie<\/a><\/p>\n\n\n\n<p style=\"font-size:20px\"><a href=\"https:\/\/museum-der-philosophie.de\/?page_id=1171\" data-type=\"page\" data-id=\"1171\">Bibliothek<\/a><\/p>\n\n\n\n<p style=\"font-size:20px\"><a href=\"https:\/\/museum-der-philosophie.de\/?page_id=3375\" data-type=\"page\" data-id=\"3375\">Zitaten-Schatzkammer<\/a><\/p>\n\n\n\n<p style=\"font-size:20px\"><a href=\"https:\/\/museum-der-philosophie.de\/?page_id=838\" data-type=\"page\" data-id=\"838\">Kids&#8216; Philosophy<\/a><\/p>\n\n\n\n<p style=\"font-size:20px\"><a href=\"https:\/\/museum-der-philosophie.de\/?page_id=6128\" data-type=\"page\" data-id=\"6128\">Kinosaal<\/a><\/p>\n\n\n\n<p style=\"font-size:20px\"><a href=\"https:\/\/museum-der-philosophie.de\/?page_id=1959\" data-type=\"page\" data-id=\"1959\">Debattenraum<\/a><\/p>\n<\/div>\n\n\n\n<div class=\"wp-block-column is-layout-flow wp-block-column-is-layout-flow\">\n<p style=\"font-size:20px\"><strong>Das Museum<\/strong><\/p>\n\n\n\n<p style=\"font-size:20px\"><a href=\"https:\/\/museum-der-philosophie.de\/?page_id=1336\" data-type=\"page\" data-id=\"1336\">\u00dcber uns<\/a><\/p>\n\n\n\n<p style=\"font-size:20px\"><a href=\"https:\/\/museum-der-philosophie.de\/?p=13711\" data-type=\"post\" data-id=\"13711\">Bildschirmdarstellung<\/a><\/p>\n\n\n\n<p style=\"font-size:20px\"><a href=\"https:\/\/museum-der-philosophie.de\/?page_id=9363\" data-type=\"page\" data-id=\"9363\">Partner und Unterst\u00fctzer<\/a><\/p>\n\n\n\n<p style=\"font-size:20px\"><a href=\"https:\/\/museum-der-philosophie.de\/?page_id=2054\" data-type=\"page\" data-id=\"2054\">Mitmachen<\/a><\/p>\n\n\n\n<p style=\"font-size:20px\"><a href=\"https:\/\/museum-der-philosophie.de\/?page_id=7106\" data-type=\"page\" data-id=\"7106\">Newsletter<\/a><\/p>\n\n\n\n<p style=\"font-size:20px\"><a href=\"https:\/\/museum-der-philosophie.de\/?page_id=1375\" data-type=\"page\" data-id=\"1375\">Rechtliches \/ Impressum<\/a><\/p>\n\n\n\n<p style=\"font-size:20px\"><strong><mark style=\"background-color:rgba(0, 0, 0, 0)\" class=\"has-inline-color has-luminous-vivid-orange-color\">Bitte trage dich in unser<br><a href=\"https:\/\/museum-der-philosophie.de\/?page_id=1900\" data-type=\"page\" data-id=\"1900\">G\u00e4stebuch<\/a> ein.<br>\u00dcber ein paar Zeilen w\u00fcrden wir uns sehr freuen.<\/mark><\/strong><\/p>\n<\/div>\n<\/div>\n<\/div><button class=\"uagb-modal-popup-close\" aria-label=\"Close Modal\"><svg xmlns=\"https:\/\/www.w3.org\/2000\/svg\" viewBox=\"0 0 320 512\"><path d=\"M310.6 361.4c12.5 12.5 12.5 32.75 0 45.25C304.4 412.9 296.2 416 288 416s-16.38-3.125-22.62-9.375L160 301.3L54.63 406.6C48.38 412.9 40.19 416 32 416S15.63 412.9 9.375 406.6c-12.5-12.5-12.5-32.75 0-45.25l105.4-105.4L9.375 150.6c-12.5-12.5-12.5-32.75 0-45.25s32.75-12.5 45.25 0L160 210.8l105.4-105.4c12.5-12.5 32.75-12.5 45.25 0s12.5 32.75 0 45.25l-105.4 105.4L310.6 361.4z\"><\/path><\/svg><\/button><\/div><\/div><\/div>\n<\/div>\n\n\n\n<div class=\"wp-block-uagb-container uag-hide-mob uagb-block-409a2407 default uagb-is-root-container\">\n<div class=\"wp-block-uagb-advanced-heading uagb-block-f62181c7\"><div class=\"uagb-heading-text\">Men\u00fc<\/div><\/div>\n<\/div>\n<\/div><\/div>\n\n\n\n<div class=\"wp-block-uagb-container uagb-block-b085ca37\">\n<p>Unsere Ausstellung &#8222;Die wunderbare Welt der Falschzitate&#8220; w\u00e4re ohne die Mitwirkung Gerald Krieghofers nicht zustande gekommen. Der international renommierte Experte unterst\u00fctzte uns tatkr\u00e4ftig, so manches Zitat hat er f\u00fcr uns noch einmal unter die Lupe genommen.<br>Die angenehme Zusammenarbeit wird uns immer in guter Erinnerung bleiben.<\/p>\n<\/div>\n\n\n\n<div class=\"wp-block-uagb-image uagb-block-807c9162 wp-block-uagb-image--layout-default wp-block-uagb-image--effect-static wp-block-uagb-image--align-none\"><figure class=\"wp-block-uagb-image__figure\"><a class=\"\" href=\"https:\/\/museum-der-philosophie.de\/?p=9594\" target=\"\" rel=\"noopener\"><img decoding=\"async\"  sizes=\"auto, (max-width: 480px) 150px\" src=\"https:\/\/museum-der-philosophie.de\/wp-content\/uploads\/2025\/01\/pfeil-links-Rundgang-Schatten.png\" alt=\"\" width=\"200\" height=\"79\" title=\"\" loading=\"lazy\" role=\"img\"\/><\/a><\/figure><\/div>\n<\/div>\n<\/div>\n\n\n\n<div class=\"wp-block-uagb-container uagb-block-ec3ed652 default uagb-is-root-container\">\n<div class=\"wp-block-uagb-container uagb-block-eefc1c4d default uagb-is-root-container\">\n<div class=\"wp-block-uagb-container uag-blocks-common-selector uagb-block-dbda6f8f\">\n<div class=\"wp-block-uagb-advanced-heading uagb-block-146d3c6f\"><h1 class=\"uagb-heading-text\">Auf der Jagd nach Falschzitaten<\/h1><p class=\"uagb-desc-text\">in memoriam Gerald Krieghofer<\/p><\/div>\n<\/div>\n\n\n\n<div class=\"wp-block-uagb-container uag-blocks-common-selector uagb-block-eb665dd3\">\n<div class=\"wp-block-uagb-image uagb-block-466989a0 wp-block-uagb-image--layout-default wp-block-uagb-image--effect-static wp-block-uagb-image--align-none\"><figure class=\"wp-block-uagb-image__figure\"><img decoding=\"async\" srcset=\"https:\/\/museum-der-philosophie.de\/wp-content\/uploads\/2025\/09\/1024px-Gerald_Krieghofer1.jpg ,https:\/\/museum-der-philosophie.de\/wp-content\/uploads\/2025\/09\/1024px-Gerald_Krieghofer1.jpg 780w, https:\/\/museum-der-philosophie.de\/wp-content\/uploads\/2025\/09\/1024px-Gerald_Krieghofer1.jpg 360w\" sizes=\"auto, (max-width: 480px) 150px\" src=\"https:\/\/museum-der-philosophie.de\/wp-content\/uploads\/2025\/09\/1024px-Gerald_Krieghofer1.jpg\" alt=\"\" class=\"uag-image-16525\" width=\"1024\" height=\"683\" title=\"1024px-Gerald_Krieghofer[1]\" loading=\"lazy\" role=\"img\"\/><\/figure><\/div>\n<\/div>\n<\/div>\n\n\n\n<div class=\"wp-block-uagb-container uagb-block-c13e4c4f\">\n<div class=\"wp-block-uagb-container uagb-block-a4e0f5b1\">\n<p>Wir mussten Abschied nehmen von einem lieben Freund und Partner unseres Museums.<br>Gerald Krieghofer ist am <br>22. August verstorben.<br>Der \u00f6sterreichische Philosoph und Literaturwissenschaftler widmete sich w\u00e4hrend der letzten zehn Jahre mit ganzer Leidenschaft dem Aufsp\u00fcren von Falschzitaten. Die Ergebnisse seiner Nachforschungen ver\u00f6ffentlichte er auf seinem \u00fcber die Jahre stetig gewachsenen Blog <a href=\"https:\/\/falschzitate.blogspot.com\/\" target=\"_blank\" rel=\"noreferrer noopener\">ZITATFORSCHUNG<\/a> sowie in seinem Buch &#8222;<em>Die besten falschesten Zitate aller Zeiten<\/em>&#8220; (2023).<\/p>\n\n\n\n<p class=\"has-text-align-left has-small-font-size\">Foto: Matthias Cremer <a href=\"https:\/\/creativecommons.org\/licenses\/by-sa\/4.0\" target=\"_blank\" rel=\"noreferrer noopener\">CC BY-SA 4.0<\/a><\/p>\n<\/div>\n<\/div>\n<\/div>\n<\/div>\n","protected":false},"excerpt":{"rendered":"<p>Men\u00fc Unsere Ausstellung &#8222;Die wunderbare Welt der Falschzitate&#8220; w\u00e4re ohne die Mitwirkung Gerald Krieghofers nicht zustande gekommen. Der international renommierte &hellip; <\/p>\n","protected":false},"author":1,"featured_media":16525,"parent":3140,"menu_order":0,"comment_status":"closed","ping_status":"closed","template":"template-page-builder-no-header-footer.php","meta":{"_uag_custom_page_level_css":"","footnotes":""},"class_list":["post-16524","page","type-page","status-publish","has-post-thumbnail","hentry"],"featured_image_src":"https:\/\/museum-der-philosophie.de\/wp-content\/uploads\/2025\/09\/1024px-Gerald_Krieghofer1.jpg","uagb_featured_image_src":{"full":["https:\/\/museum-der-philosophie.de\/wp-content\/uploads\/2025\/09\/1024px-Gerald_Krieghofer1.jpg",1024,683,false],"thumbnail":["https:\/\/museum-der-philosophie.de\/wp-content\/uploads\/2025\/09\/1024px-Gerald_Krieghofer1-150x100.jpg",150,100,true],"medium":["https:\/\/museum-der-philosophie.de\/wp-content\/uploads\/2025\/09\/1024px-Gerald_Krieghofer1-400x267.jpg",400,267,true],"medium_large":["https:\/\/museum-der-philosophie.de\/wp-content\/uploads\/2025\/09\/1024px-Gerald_Krieghofer1-768x512.jpg",750,500,true],"large":["https:\/\/museum-der-philosophie.de\/wp-content\/uploads\/2025\/09\/1024px-Gerald_Krieghofer1.jpg",750,500,false],"1536x1536":["https:\/\/museum-der-philosophie.de\/wp-content\/uploads\/2025\/09\/1024px-Gerald_Krieghofer1.jpg",1024,683,false],"2048x2048":["https:\/\/museum-der-philosophie.de\/wp-content\/uploads\/2025\/09\/1024px-Gerald_Krieghofer1.jpg",1024,683,false],"education-zone-banner":["https:\/\/museum-der-philosophie.de\/wp-content\/uploads\/2025\/09\/1024px-Gerald_Krieghofer1.jpg",1024,683,false],"education-zone-image-full":["https:\/\/museum-der-philosophie.de\/wp-content\/uploads\/2025\/09\/1024px-Gerald_Krieghofer1-1024x458.jpg",1024,458,true],"education-zone-image":["https:\/\/museum-der-philosophie.de\/wp-content\/uploads\/2025\/09\/1024px-Gerald_Krieghofer1-750x458.jpg",750,458,true],"education-zone-recent-post":["https:\/\/museum-der-philosophie.de\/wp-content\/uploads\/2025\/09\/1024px-Gerald_Krieghofer1-70x70.jpg",70,70,true],"education-zone-search-result":["https:\/\/museum-der-philosophie.de\/wp-content\/uploads\/2025\/09\/1024px-Gerald_Krieghofer1-246x246.jpg",246,246,true],"education-zone-featured-course":["https:\/\/museum-der-philosophie.de\/wp-content\/uploads\/2025\/09\/1024px-Gerald_Krieghofer1-276x276.jpg",276,276,true],"education-zone-testimonial":["https:\/\/museum-der-philosophie.de\/wp-content\/uploads\/2025\/09\/1024px-Gerald_Krieghofer1-125x125.jpg",125,125,true],"education-zone-blog-full":["https:\/\/museum-der-philosophie.de\/wp-content\/uploads\/2025\/09\/1024px-Gerald_Krieghofer1-848x480.jpg",848,480,true],"wpvr_mobile":["https:\/\/museum-der-philosophie.de\/wp-content\/uploads\/2025\/09\/1024px-Gerald_Krieghofer1.jpg",1024,683,false]},"uagb_author_info":{"display_name":"Klaus F\u00fcrst","author_link":"https:\/\/museum-der-philosophie.de\/?author=1"},"uagb_comment_info":0,"uagb_excerpt":"Men\u00fc Unsere Ausstellung &#8222;Die wunderbare Welt der Falschzitate&#8220; w\u00e4re ohne die Mitwirkung Gerald Krieghofers nicht zustande gekommen. Der international renommierte &hellip;","_links":{"self":[{"href":"https:\/\/museum-der-philosophie.de\/index.php?rest_route=\/wp\/v2\/pages\/16524","targetHints":{"allow":["GET"]}}],"collection":[{"href":"https:\/\/museum-der-philosophie.de\/index.php?rest_route=\/wp\/v2\/pages"}],"about":[{"href":"https:\/\/museum-der-philosophie.de\/index.php?rest_route=\/wp\/v2\/types\/page"}],"author":[{"embeddable":true,"href":"https:\/\/museum-der-philosophie.de\/index.php?rest_route=\/wp\/v2\/users\/1"}],"replies":[{"embeddable":true,"href":"https:\/\/museum-der-philosophie.de\/index.php?rest_route=%2Fwp%2Fv2%2Fcomments&post=16524"}],"version-history":[{"count":34,"href":"https:\/\/museum-der-philosophie.de\/index.php?rest_route=\/wp\/v2\/pages\/16524\/revisions"}],"predecessor-version":[{"id":16578,"href":"https:\/\/museum-der-philosophie.de\/index.php?rest_route=\/wp\/v2\/pages\/16524\/revisions\/16578"}],"up":[{"embeddable":true,"href":"https:\/\/museum-der-philosophie.de\/index.php?rest_route=\/wp\/v2\/pages\/3140"}],"wp:featuredmedia":[{"embeddable":true,"href":"https:\/\/museum-der-philosophie.de\/index.php?rest_route=\/wp\/v2\/media\/16525"}],"wp:attachment":[{"href":"https:\/\/museum-der-philosophie.de\/index.php?rest_route=%2Fwp%2Fv2%2Fmedia&parent=16524"}],"curies":[{"name":"wp","href":"https:\/\/api.w.org\/{rel}","templated":true}]}}