{"id":1959,"date":"2023-01-11T13:23:06","date_gmt":"2023-01-11T13:23:06","guid":{"rendered":"https:\/\/museum-der-philosophie.de\/?page_id=1959"},"modified":"2024-04-18T14:29:57","modified_gmt":"2024-04-18T14:29:57","slug":"debattenraum","status":"publish","type":"page","link":"https:\/\/museum-der-philosophie.de\/?page_id=1959","title":{"rendered":"Debattenraum"},"content":{"rendered":"\n<p class=\"has-text-align-center has-white-color has-cyan-bluish-gray-background-color has-text-color has-background\" id=\"a0\" style=\"font-size:24px\">Hier stellen wir regelm\u00e4\u00dfig philosophische Fragen mit aktuellem Bezug zur Diskussion.<\/p>\n\n\n\n<p><\/p>\n\n\n\n<div class=\"wp-block-uagb-container uag-hide-desktop uag-hide-tab uag-hide-mob uagb-block-4514e063 alignfull uagb-is-root-container\"><div class=\"uagb-container-inner-blocks-wrap\">\n<p class=\"has-text-align-center\" style=\"font-size:30px\">\u201c<strong><em>Das Leistungsdenken zersetzt unsere Gesellschaft<\/em><\/strong>\u201d<\/p>\n\n\n\n<p class=\"has-text-align-center\">meint der renommierte US-amerikanische Philosoph Michael Sandel. <br>In der Sendung&nbsp;<a href=\"https:\/\/www.3sat.de\/gesellschaft\/sternstunde-philosophie\/michael-sandel--das-leistungsdenken-zersetzt---unsere-gesellschaft-100.html\" target=\"_blank\" rel=\"noreferrer noopener\">Sternstunde Philosophie<\/a>&nbsp;versucht er dies zu begr\u00fcnden.<br><br>Wie ist deine Meinung dazu?<\/p>\n<\/div><\/div>\n\n\n\n<div class=\"wp-block-uagb-container uagb-block-1edd900a alignfull uagb-is-root-container\"><div class=\"uagb-container-inner-blocks-wrap\">\n<p class=\"has-text-align-center\" style=\"font-size:24px\">Warum haben die meisten Menschen kein Interesse f\u00fcr Philosophie?<\/p>\n\n\n\n<p>Diese Frage haben wir ChatGPT gestellt. &#8211; Antwort:<br><em>Es gibt viele Gr\u00fcnde, warum die meisten Menschen kein Interesse f\u00fcr Philosophie haben. Einer der Gr\u00fcnde ist, dass Philosophie oft als abstrakt und schwer zug\u00e4nglich angesehen wird. Viele Menschen haben das Gef\u00fchl, dass Philosophie nicht relevant f\u00fcr ihr t\u00e4gliches Leben ist und dass sie keine praktischen Anwendungen hat. Andere f\u00fchlen sich davon abgeschreckt, weil sie denken, dass Philosophie komplex und schwer zu verstehen ist. Dar\u00fcber hinaus haben viele Menschen keine Zeit oder Gelegenheit, sich mit Philosophie auseinanderzusetzen, weil sie von ihren t\u00e4glichen Verpflichtungen und Pflichten eingeschr\u00e4nkt werden. In der Tat kann es jedoch sehr lohnend sein, sich mit Philosophie zu besch\u00e4ftigen, da es einem erm\u00f6glicht, tiefgr\u00fcndiger \u00fcber das Leben und die Welt um uns herum nachzudenken.<\/em><\/p>\n\n\n\n<p class=\"has-text-align-center\" style=\"font-size:24px\">Wie ist deine Meinung dazu?<\/p>\n<\/div><\/div>\n\n\n\n<p><\/p>\n","protected":false},"excerpt":{"rendered":"<p>Hier stellen wir regelm\u00e4\u00dfig philosophische Fragen mit aktuellem Bezug zur Diskussion. \u201cDas Leistungsdenken zersetzt unsere Gesellschaft\u201d meint der renommierte US-amerikanische &hellip; <\/p>\n","protected":false},"author":1,"featured_media":0,"parent":0,"menu_order":0,"comment_status":"open","ping_status":"closed","template":"","meta":{"_uag_custom_page_level_css":"","footnotes":""},"class_list":["post-1959","page","type-page","status-publish","hentry"],"featured_image_src":null,"uagb_featured_image_src":{"full":false,"thumbnail":false,"medium":false,"medium_large":false,"large":false,"1536x1536":false,"2048x2048":false,"education-zone-banner":false,"education-zone-image-full":false,"education-zone-image":false,"education-zone-recent-post":false,"education-zone-search-result":false,"education-zone-featured-course":false,"education-zone-testimonial":false,"education-zone-blog-full":false,"wpvr_mobile":false},"uagb_author_info":{"display_name":"Klaus F\u00fcrst","author_link":"https:\/\/museum-der-philosophie.de\/?author=1"},"uagb_comment_info":4,"uagb_excerpt":"Hier stellen wir regelm\u00e4\u00dfig philosophische Fragen mit aktuellem Bezug zur Diskussion. \u201cDas Leistungsdenken zersetzt unsere Gesellschaft\u201d meint der renommierte US-amerikanische &hellip;","_links":{"self":[{"href":"https:\/\/museum-der-philosophie.de\/index.php?rest_route=\/wp\/v2\/pages\/1959","targetHints":{"allow":["GET"]}}],"collection":[{"href":"https:\/\/museum-der-philosophie.de\/index.php?rest_route=\/wp\/v2\/pages"}],"about":[{"href":"https:\/\/museum-der-philosophie.de\/index.php?rest_route=\/wp\/v2\/types\/page"}],"author":[{"embeddable":true,"href":"https:\/\/museum-der-philosophie.de\/index.php?rest_route=\/wp\/v2\/users\/1"}],"replies":[{"embeddable":true,"href":"https:\/\/museum-der-philosophie.de\/index.php?rest_route=%2Fwp%2Fv2%2Fcomments&post=1959"}],"version-history":[{"count":10,"href":"https:\/\/museum-der-philosophie.de\/index.php?rest_route=\/wp\/v2\/pages\/1959\/revisions"}],"predecessor-version":[{"id":9205,"href":"https:\/\/museum-der-philosophie.de\/index.php?rest_route=\/wp\/v2\/pages\/1959\/revisions\/9205"}],"wp:attachment":[{"href":"https:\/\/museum-der-philosophie.de\/index.php?rest_route=%2Fwp%2Fv2%2Fmedia&parent=1959"}],"curies":[{"name":"wp","href":"https:\/\/api.w.org\/{rel}","templated":true}]}}