{"id":2054,"date":"2023-02-09T06:56:23","date_gmt":"2023-02-09T06:56:23","guid":{"rendered":"https:\/\/museum-der-philosophie.de\/?page_id=2054"},"modified":"2025-12-08T19:29:30","modified_gmt":"2025-12-08T17:29:30","slug":"mitmachen","status":"publish","type":"page","link":"https:\/\/museum-der-philosophie.de\/?page_id=2054","title":{"rendered":"Mitmachen"},"content":{"rendered":"\n<p>Du m\u00f6chtest dich an der Entwicklung unseres Museums beteiligen? Super! <br>Daf\u00fcr gibt es drei M\u00f6glichkeiten:<\/p>\n\n\n\n<ol class=\"wp-block-list\">\n<li>Als registrierter Autor. Dazu ben\u00f6tigst du einen WordPress-Account. Wenn du noch keinen hast, kannst du dich <a rel=\"noreferrer noopener\" href=\"https:\/\/wordpress.com\/start\/user?user_email=\" target=\"_blank\">hier<\/a> problemlos und kostenfrei registrieren. <\/li>\n\n\n\n<li>Wenn du dich nicht mit WordPress befassen m\u00f6chtest, kannst du uns deine Exponate in Form von Schaubildern, Audio-, Video- oder HTML-Dateien zusenden. Wir f\u00fcgen Sie dann in die passenden R\u00e4ume ein. <\/li>\n\n\n\n<li>Falls du mehr Zeit in unser Projekt investieren m\u00f6chtest, kannst du dich als Redakteur bewerben, um die komplette Gestaltung einzelner Teilbereiche zu \u00fcbernehmen.<\/li>\n<\/ol>\n\n\n\n<p>Deine Beitr\u00e4ge sollen sich auf konkrete Ereignisse der Philosophiegeschichte beziehen und sich auf wissenschaftlich anerkannte Quellen st\u00fctzen. <br>Die Objekte m\u00fcssen einen Schauwert haben, also keine reinen Texte und Abhandlungen. Die Darstellung soll kurz und allgemeinverst\u00e4ndlich sein. <br>Videos und Animationen sollen maximal 5 Minuten Laufzeit haben.<br>PowerPoint-Pr\u00e4sentationen bitte mit gesprochenem Text versehen und nach M\u00f6glichkeit in eine Videodatei umwandeln. PDF- und Textdateien eignen sich nicht als Schauobjekte, sie k\u00f6nnen aber zwecks Verlinkung beigef\u00fcgt werden.<br><strong>F\u00fcr alle Objekte ist ein l\u00fcckenloser Nachweis der Urheberrechte erforderlich, ansonsten wird die Ver\u00f6ffentlichung verweigert.<\/strong><\/p>\n\n\n\n<p>Schreibe uns, welche Themengebiete du gern bearbeiten m\u00f6chtest. Du erh\u00e4ltst dann eine Zugangsberechtigung als Autor und kannst Beitr\u00e4ge f\u00fcr die entsprechenden Seiten verfassen.<br>Auch wenn du noch Fragen hast, nutze bitte das Formular:<\/p>\n\n\n\n<div class=\"wp-block-uagb-forms uagb-forms__outer-wrap uagb-block-2bcb033a uagb-forms__medium-btn\"><form class=\"uagb-forms-main-form\" method=\"post\" autocomplete=\"on\" name=\"uagb-form-2bcb033a\">\n<div class=\"wp-block-uagb-forms-name uagb-forms-name-wrap uagb-forms-field-set uagb-block-1e54d35c\"><div class=\"uagb-forms-name-label required uagb-forms-input-label\" id=\"1e54d35c\">Name<\/div><input type=\"text\" placeholder=\"\" required class=\"uagb-forms-name-input uagb-forms-input\" name=\"1e54d35c\" autocomplete=\"off\"\/><\/div>\n\n\n\n<div class=\"wp-block-uagb-forms-email uagb-forms-email-wrap uagb-forms-field-set uagb-block-98ef9cab\"><div class=\"uagb-forms-email-label required uagb-forms-input-label\" id=\"98ef9cab\">Email<\/div><input type=\"email\" class=\"uagb-forms-email-input uagb-forms-input\" placeholder=\"\" required name=\"98ef9cab\" autocomplete=\"email\"\/><\/div>\n\n\n\n<div class=\"wp-block-uagb-forms-textarea uagb-forms-textarea-wrap uagb-forms-field-set uagb-block-3a3337a9\"><div class=\"uagb-forms-textarea-label required uagb-forms-input-label\" id=\"3a3337a9\">Nachricht<\/div><textarea required class=\"uagb-forms-textarea-input uagb-forms-input\" rows=\"4\" placeholder=\"\" name=\"3a3337a9\" autocomplete=\"off\"><\/textarea><\/div>\n<div class=\"uagb-forms-form-hidden-data\"><input type=\"hidden\" class=\"uagb_forms_form_label\" value=\"Formular\u00fcbertragung\"\/><input type=\"hidden\" class=\"uagb_forms_form_id\" value=\"uagb-form-2bcb033a\"\/><\/div><div class=\"uagb-form-reacaptcha-error-2bcb033a\"><\/div><div class=\"uagb-forms-main-submit-button-wrap wp-block-button\"><button class=\"uagb-forms-main-submit-button wp-block-button__link\"><div class=\"uagb-forms-main-submit-button-text\">Senden<\/div><\/button><\/div><\/form><div class=\"uagb-forms-success-message-2bcb033a uagb-forms-submit-message-hide\"><span>Die Nachricht wurde \u00fcbertragen. Wir werden uns bei dir melden.<\/span><\/div><div class=\"uagb-forms-failed-message-2bcb033a uagb-forms-submit-message-hide\"><span>Es ist ein Fehler beim Absenden des Formulars aufgetreten. Bitte \u00fcberpr\u00fcfe alle Formularfelder.<\/span><\/div><\/div>\n\n\n\n<p><\/p>\n","protected":false},"excerpt":{"rendered":"<p>Du m\u00f6chtest dich an der Entwicklung unseres Museums beteiligen? Super! Daf\u00fcr gibt es drei M\u00f6glichkeiten: Deine Beitr\u00e4ge sollen sich auf &hellip; <\/p>\n","protected":false},"author":1,"featured_media":0,"parent":1336,"menu_order":0,"comment_status":"closed","ping_status":"closed","template":"","meta":{"_uag_custom_page_level_css":"","footnotes":""},"class_list":["post-2054","page","type-page","status-publish","hentry"],"featured_image_src":null,"uagb_featured_image_src":{"full":false,"thumbnail":false,"medium":false,"medium_large":false,"large":false,"1536x1536":false,"2048x2048":false,"education-zone-banner":false,"education-zone-image-full":false,"education-zone-image":false,"education-zone-recent-post":false,"education-zone-search-result":false,"education-zone-featured-course":false,"education-zone-testimonial":false,"education-zone-blog-full":false,"wpvr_mobile":false},"uagb_author_info":{"display_name":"Klaus F\u00fcrst","author_link":"https:\/\/museum-der-philosophie.de\/?author=1"},"uagb_comment_info":0,"uagb_excerpt":"Du m\u00f6chtest dich an der Entwicklung unseres Museums beteiligen? Super! Daf\u00fcr gibt es drei M\u00f6glichkeiten: Deine Beitr\u00e4ge sollen sich auf &hellip;","_links":{"self":[{"href":"https:\/\/museum-der-philosophie.de\/index.php?rest_route=\/wp\/v2\/pages\/2054","targetHints":{"allow":["GET"]}}],"collection":[{"href":"https:\/\/museum-der-philosophie.de\/index.php?rest_route=\/wp\/v2\/pages"}],"about":[{"href":"https:\/\/museum-der-philosophie.de\/index.php?rest_route=\/wp\/v2\/types\/page"}],"author":[{"embeddable":true,"href":"https:\/\/museum-der-philosophie.de\/index.php?rest_route=\/wp\/v2\/users\/1"}],"replies":[{"embeddable":true,"href":"https:\/\/museum-der-philosophie.de\/index.php?rest_route=%2Fwp%2Fv2%2Fcomments&post=2054"}],"version-history":[{"count":12,"href":"https:\/\/museum-der-philosophie.de\/index.php?rest_route=\/wp\/v2\/pages\/2054\/revisions"}],"predecessor-version":[{"id":17635,"href":"https:\/\/museum-der-philosophie.de\/index.php?rest_route=\/wp\/v2\/pages\/2054\/revisions\/17635"}],"up":[{"embeddable":true,"href":"https:\/\/museum-der-philosophie.de\/index.php?rest_route=\/wp\/v2\/pages\/1336"}],"wp:attachment":[{"href":"https:\/\/museum-der-philosophie.de\/index.php?rest_route=%2Fwp%2Fv2%2Fmedia&parent=2054"}],"curies":[{"name":"wp","href":"https:\/\/api.w.org\/{rel}","templated":true}]}}