{"id":3375,"date":"2023-05-19T12:23:28","date_gmt":"2023-05-19T12:23:28","guid":{"rendered":"https:\/\/museum-der-philosophie.de\/?page_id=3375"},"modified":"2025-08-12T19:57:01","modified_gmt":"2025-08-12T17:57:01","slug":"zitaten-schatzkammer-2","status":"publish","type":"page","link":"https:\/\/museum-der-philosophie.de\/?page_id=3375","title":{"rendered":"Zitaten-Schatzkammer"},"content":{"rendered":"\n<div class=\"wp-block-uagb-container uag-hide-desktop uag-hide-tab uagb-block-6afda995 alignfull uagb-is-root-container\"><div class=\"uagb-container-inner-blocks-wrap\">\n<p class=\"has-text-align-center has-white-color has-luminous-vivid-orange-background-color has-text-color has-background has-link-color wp-elements-b74c3535adda05e26ca094c90956f99f\">Dies ist eine vereinfachte Darstellung f\u00fcr Mobiltelefone.<br>Die originalgetreue Wiedergabe des Exponats ist nur auf Bildschirm oder Tablet m\u00f6glich.<\/p>\n<\/div><\/div>\n\n\n\n<div class=\"wp-block-uagb-container uagb-block-764a4d69 default uagb-is-root-container\">\n<div class=\"wp-block-uagb-container uagb-block-19850004\">\n<div class=\"wp-block-uagb-container uagb-block-409a2407\">\n<div class=\"wp-block-uagb-container uag-hide-mob uagb-block-30ae4036 alignfull uagb-is-root-container\"><div class=\"uagb-container-inner-blocks-wrap\">\n<div class=\"wp-block-uagb-container uagb-block-55d7099b\">\n<div class=\"wp-block-uagb-modal uagb-block-8075ad28 uagb-modal-wrapper\" data-escpress=\"enable\" data-overlayclick=\"enable\"><img decoding=\"async\" src=\"https:\/\/museum-der-philosophie.de\/wp-content\/uploads\/2024\/11\/2000px-Hamburger_icon.svg1_-400x400.png\" alt=\"\" class=\"uagb-modal-trigger\" width=\"400\" height=\"400\" loading=\"lazy\"\/><div class=\"uagb-effect-default uagb-modal-popup uagb-block-8075ad28 uagb-modal-type-undefined\"><div class=\"uagb-modal-popup-wrap\"><div class=\"uagb-modal-popup-content\"><form role=\"search\" method=\"get\" action=\"https:\/\/museum-der-philosophie.de\/\" class=\"wp-block-search__button-outside wp-block-search__text-button wp-block-search\"    ><label class=\"wp-block-search__label\" for=\"wp-block-search__input-1\"  style=\"font-size: 20px\"><strong>Suchen<\/strong><\/label><div class=\"wp-block-search__inside-wrapper\" ><input class=\"wp-block-search__input\" id=\"wp-block-search__input-1\" placeholder=\"\" value=\"\" type=\"search\" name=\"s\" required  style=\"font-size: 20px\"\/><button aria-label=\"Suchen\" class=\"wp-block-search__button wp-element-button\" type=\"submit\"  style=\"font-size: 20px\">Suchen<\/button><\/div><\/form>\n\n\n<div style=\"height:30px\" aria-hidden=\"true\" class=\"wp-block-spacer\"><\/div>\n\n\n\n<div class=\"wp-block-columns is-layout-flex wp-container-core-columns-is-layout-9d6595d7 wp-block-columns-is-layout-flex\">\n<div class=\"wp-block-column is-layout-flow wp-block-column-is-layout-flow\" style=\"font-size:18px\">\n<p class=\"has-text-align-left\" style=\"font-size:20px\"><strong>Wegweiser<\/strong><\/p>\n\n\n\n<p style=\"font-size:20px\"><a href=\"https:\/\/museum-der-philosophie.de\/\">Startseite<\/a><\/p>\n\n\n\n<p style=\"font-size:20px\"><a href=\"https:\/\/museum-der-philosophie.de\/?page_id=561#a11\" data-type=\"page\" data-id=\"561\">Wegweiser<\/a><\/p>\n\n\n\n<p style=\"font-size:20px\"><a href=\"https:\/\/museum-der-philosophie.de\/?page_id=3109\" data-type=\"page\" data-id=\"3109\">Themen und Objekte<\/a><\/p>\n\n\n\n<p style=\"font-size:20px\"><a href=\"https:\/\/museum-der-philosophie.de\/?page_id=12381\">Ideen und Ereignisse<\/a><\/p>\n\n\n\n<p style=\"font-size:20px\"><a href=\"https:\/\/museum-der-philosophie.de\/?page_id=9393#a0\" data-type=\"page\" data-id=\"9393\">Was gibt&#8217;s Neues<\/a><\/p>\n\n\n\n<p style=\"font-size:20px\"><a href=\"https:\/\/museum-der-philosophie.de\/?page_id=11208#a0\" data-type=\"page\" data-id=\"11208\">Kalenderblatt<\/a><\/p>\n<\/div>\n\n\n\n<div class=\"wp-block-column is-layout-flow wp-block-column-is-layout-flow\">\n<p class=\"has-text-align-left\" style=\"font-size:20px\"><strong>R\u00e4ume<\/strong><\/p>\n\n\n\n<p style=\"font-size:20px\"><a href=\"https:\/\/museum-der-philosophie.de\/?page_id=561#a0\" data-type=\"page\" data-id=\"561\">Empfangshalle<\/a><\/p>\n\n\n\n<p style=\"font-size:20px\"><a href=\"https:\/\/museum-der-philosophie.de\/?page_id=3140\" data-type=\"page\" data-id=\"3140\">Sonderausstellung<\/a><\/p>\n\n\n\n<p style=\"font-size:20px\"><a href=\"https:\/\/museum-der-philosophie.de\/?page_id=688\" data-type=\"page\" data-id=\"688\">Ruhmeshalle<\/a><\/p>\n\n\n\n<p style=\"font-size:20px\"><a href=\"https:\/\/museum-der-philosophie.de\/?page_id=14612\" data-type=\"page\" data-id=\"688\">Kunstgalerie<\/a><\/p>\n\n\n\n<p style=\"font-size:20px\"><a href=\"https:\/\/museum-der-philosophie.de\/?page_id=1171\" data-type=\"page\" data-id=\"1171\">Bibliothek<\/a><\/p>\n\n\n\n<p style=\"font-size:20px\"><a href=\"https:\/\/museum-der-philosophie.de\/?page_id=3375\" data-type=\"page\" data-id=\"3375\">Zitaten-Schatzkammer<\/a><\/p>\n\n\n\n<p style=\"font-size:20px\"><a href=\"https:\/\/museum-der-philosophie.de\/?page_id=838\" data-type=\"page\" data-id=\"838\">Kids&#8216; Philosophy<\/a><\/p>\n\n\n\n<p style=\"font-size:20px\"><a href=\"https:\/\/museum-der-philosophie.de\/?page_id=6128\" data-type=\"page\" data-id=\"6128\">Kinosaal<\/a><\/p>\n\n\n\n<p style=\"font-size:20px\"><a href=\"https:\/\/museum-der-philosophie.de\/?page_id=1959\" data-type=\"page\" data-id=\"1959\">Debattenraum<\/a><\/p>\n<\/div>\n\n\n\n<div class=\"wp-block-column is-layout-flow wp-block-column-is-layout-flow\">\n<p style=\"font-size:20px\"><strong>Das Museum<\/strong><\/p>\n\n\n\n<p style=\"font-size:20px\"><a href=\"https:\/\/museum-der-philosophie.de\/?page_id=1336\" data-type=\"page\" data-id=\"1336\">\u00dcber uns<\/a><\/p>\n\n\n\n<p style=\"font-size:20px\"><a href=\"https:\/\/museum-der-philosophie.de\/?p=13711\" data-type=\"post\" data-id=\"13711\">Bildschirmdarstellung<\/a><\/p>\n\n\n\n<p style=\"font-size:20px\"><a href=\"https:\/\/museum-der-philosophie.de\/?page_id=9363\" data-type=\"page\" data-id=\"9363\">Partner und Unterst\u00fctzer<\/a><\/p>\n\n\n\n<p style=\"font-size:20px\"><a href=\"https:\/\/museum-der-philosophie.de\/?page_id=2054\" data-type=\"page\" data-id=\"2054\">Mitmachen<\/a><\/p>\n\n\n\n<p style=\"font-size:20px\"><a href=\"https:\/\/museum-der-philosophie.de\/?page_id=7106\" data-type=\"page\" data-id=\"7106\">Newsletter<\/a><\/p>\n\n\n\n<p style=\"font-size:20px\"><a href=\"https:\/\/museum-der-philosophie.de\/?page_id=1375\" data-type=\"page\" data-id=\"1375\">Rechtliches \/ Impressum<\/a><\/p>\n\n\n\n<p style=\"font-size:20px\"><strong><mark style=\"background-color:rgba(0, 0, 0, 0)\" class=\"has-inline-color has-luminous-vivid-orange-color\">Bitte trage dich in unser<br><a href=\"https:\/\/museum-der-philosophie.de\/?page_id=1900\" data-type=\"page\" data-id=\"1900\">G\u00e4stebuch<\/a> ein.<br>\u00dcber ein paar Zeilen w\u00fcrden wir uns sehr freuen.<\/mark><\/strong><\/p>\n<\/div>\n<\/div>\n<\/div><button class=\"uagb-modal-popup-close\" aria-label=\"Close Modal\"><svg xmlns=\"https:\/\/www.w3.org\/2000\/svg\" viewBox=\"0 0 320 512\"><path d=\"M310.6 361.4c12.5 12.5 12.5 32.75 0 45.25C304.4 412.9 296.2 416 288 416s-16.38-3.125-22.62-9.375L160 301.3L54.63 406.6C48.38 412.9 40.19 416 32 416S15.63 412.9 9.375 406.6c-12.5-12.5-12.5-32.75 0-45.25l105.4-105.4L9.375 150.6c-12.5-12.5-12.5-32.75 0-45.25s32.75-12.5 45.25 0L160 210.8l105.4-105.4c12.5-12.5 32.75-12.5 45.25 0s12.5 32.75 0 45.25l-105.4 105.4L310.6 361.4z\"><\/path><\/svg><\/button><\/div><\/div><\/div>\n<\/div>\n\n\n\n<div class=\"wp-block-uagb-container uag-hide-mob uagb-block-3fd5b787 alignfull uagb-is-root-container\"><div class=\"uagb-container-inner-blocks-wrap\">\n<div class=\"wp-block-uagb-advanced-heading uagb-block-f62181c7\"><div class=\"uagb-heading-text\">Men\u00fc<\/div><\/div>\n<\/div><\/div>\n<\/div><\/div>\n<\/div>\n\n\n\n<div class=\"wp-block-uagb-container uagb-block-c8dbcead\">\n<div class=\"wp-block-uagb-advanced-heading uagb-block-ee47df59\"><div class=\"uagb-heading-text\">Zitaten-Schatzkammer<\/div><\/div>\n\n\n\n<p class=\"has-text-align-left has-black-color has-text-color\" style=\"font-size:16px\">Zitate und Aphorismen: die einen lieben sie, die anderen verachten sie. Doch kaum jemand kann sich ihrer Faszination entziehen. <br>In unserer Schatzkammer haben wir Sammlungen zu folgenden Themen angelegt:<\/p>\n\n\n\n<div class=\"wp-block-uagb-container uagb-block-df3f8fcf\">\n<div class=\"wp-block-uagb-container uagb-block-062a4310\">\n<div class=\"wp-block-uagb-advanced-heading uagb-block-b7d3c1ed\"><h4 class=\"uagb-heading-text\"><a href=\"https:\/\/museum-der-philosophie.de\/?page_id=12397\">Liebe zur Weisheit?<\/a><\/h4><p class=\"uagb-desc-text\"><a href=\"https:\/\/museum-der-philosophie.de\/?page_id=12397\">\u00dcber Philosophie und Philosophen<\/a><\/p><\/div>\n<\/div>\n\n\n\n<div class=\"wp-block-uagb-container uagb-block-538973a9\">\n<div class=\"wp-block-uagb-advanced-heading uagb-block-c89ed14f\"><h4 class=\"uagb-heading-text\"><a href=\"https:\/\/museum-der-philosophie.de\/?page_id=12397\"><\/a><a href=\"https:\/\/museum-der-philosophie.de\/?page_id=12432\">Geist-Reich<\/a><\/h4><p class=\"uagb-desc-text\"><a href=\"https:\/\/museum-der-philosophie.de\/?page_id=12432\">\u00dcber Mensch und Erkenntnis<\/a><\/p><\/div>\n<\/div>\n<\/div>\n\n\n\n<div class=\"wp-block-uagb-container uagb-block-7d8ea185\">\n<div class=\"wp-block-uagb-container uagb-block-0a45f4a8\">\n<div class=\"wp-block-uagb-advanced-heading uagb-block-9b51bf98\"><h4 class=\"uagb-heading-text\"><a href=\"https:\/\/museum-der-philosophie.de\/?page_id=12447\">Gott und die Welt<\/a><\/h4><p class=\"uagb-desc-text\"><a href=\"https:\/\/museum-der-philosophie.de\/?page_id=12447\">Naturgesetz und Unerkl\u00e4rbares<\/a><\/p><\/div>\n<\/div>\n\n\n\n<div class=\"wp-block-uagb-container uagb-block-b5489efe\">\n<div class=\"wp-block-uagb-advanced-heading uagb-block-e78de375\"><h4 class=\"uagb-heading-text\"><a href=\"https:\/\/museum-der-philosophie.de\/?page_id=12456\">Sinn und Ziel<\/a><\/h4><p class=\"uagb-desc-text\"><a href=\"https:\/\/museum-der-philosophie.de\/?page_id=12456\">Zum Zweck unseres Daseins<\/a><\/p><\/div>\n<\/div>\n<\/div>\n\n\n\n<div class=\"wp-block-uagb-container uagb-block-3142b744\">\n<div class=\"wp-block-uagb-container uagb-block-9c60c944\">\n<div class=\"wp-block-uagb-advanced-heading uagb-block-f05acc75\"><h4 class=\"uagb-heading-text\"><a href=\"https:\/\/museum-der-philosophie.de\/?page_id=12467\">Das soziale Wesen<\/a><\/h4><p class=\"uagb-desc-text\"><a href=\"https:\/\/museum-der-philosophie.de\/?page_id=12467\">Der Mensch in der Gemeinschaft <\/a><\/p><\/div>\n<\/div>\n\n\n\n<div class=\"wp-block-uagb-container uagb-block-e1345299\">\n<div class=\"wp-block-uagb-advanced-heading uagb-block-dc7b97ce\"><h4 class=\"uagb-heading-text\"><a href=\"https:\/\/museum-der-philosophie.de\/?page_id=12501\">Jenseits von Gut und B\u00f6se<\/a><\/h4><p class=\"uagb-desc-text\"><a href=\"https:\/\/museum-der-philosophie.de\/?page_id=12501\">\u00dcber Moral und Ethik<\/a><\/p><\/div>\n<\/div>\n<\/div>\n\n\n\n<div class=\"wp-block-uagb-container uagb-block-736f3f51\">\n<div class=\"wp-block-uagb-container uagb-block-8ba0be26\">\n<div class=\"wp-block-uagb-advanced-heading uagb-block-7adbb7d9\"><h4 class=\"uagb-heading-text\"><a href=\"https:\/\/museum-der-philosophie.de\/?page_id=16090\">Zum ewigen Frieden<\/a><\/h4><p class=\"uagb-desc-text\"><a href=\"https:\/\/museum-der-philosophie.de\/?page_id=16090\">Pazifismus, Krieg und Terror<\/a><\/p><\/div>\n<\/div>\n\n\n\n<div class=\"wp-block-uagb-container uagb-block-7431a39b\">\n<div class=\"wp-block-uagb-advanced-heading uagb-block-1e692c97\"><h4 class=\"uagb-heading-text\"><a href=\"https:\/\/museum-der-philosophie.de\/?page_id=12519\">Alles was Recht ist!<\/a><\/h4><p class=\"uagb-desc-text\"><a href=\"https:\/\/museum-der-philosophie.de\/?page_id=12501\">\u00dcber Freiheit und Gerechtigkeit<\/a><\/p><\/div>\n<\/div>\n<\/div>\n\n\n\n<div class=\"wp-block-uagb-container uagb-block-8cf6ce00\">\n<div class=\"wp-block-uagb-container uagb-block-510b24d3\">\n<div class=\"wp-block-uagb-advanced-heading uagb-block-e30d0bb7\"><h4 class=\"uagb-heading-text\"><a href=\"https:\/\/museum-der-philosophie.de\/?page_id=12530\">Die Machtfrage<\/a><\/h4><p class=\"uagb-desc-text\"><a href=\"https:\/\/museum-der-philosophie.de\/?page_id=12530\">Vom Staat und seinen B\u00fcrgern<\/a><\/p><\/div>\n<\/div>\n\n\n\n<div class=\"wp-block-uagb-container uagb-block-a8a7e0ce\">\n<div class=\"wp-block-uagb-advanced-heading uagb-block-d6c4bd85\"><h4 class=\"uagb-heading-text\"><a href=\"https:\/\/museum-der-philosophie.de\/?page_id=12541\">Wahrheit oder Sieg?<\/a><\/h4><p class=\"uagb-desc-text\"><a href=\"https:\/\/museum-der-philosophie.de\/?page_id=12541\">Im Wettstreit der Ideen<\/a><\/p><\/div>\n<\/div>\n<\/div>\n\n\n\n<div class=\"wp-block-uagb-container uagb-block-04bd2379\">\n<div class=\"wp-block-uagb-container uagb-block-6c209c79\">\n<div class=\"wp-block-uagb-advanced-heading uagb-block-c3090f99\"><h4 class=\"uagb-heading-text\"><a href=\"https:\/\/museum-der-philosophie.de\/?page_id=12559\">Das kulturelle Wesen<\/a><\/h4><p class=\"uagb-desc-text\"><a href=\"https:\/\/museum-der-philosophie.de\/?page_id=12559\">\u00dcber Kunst und Kultur<\/a><\/p><\/div>\n<\/div>\n\n\n\n<div class=\"wp-block-uagb-container uagb-block-3fa871b8\">\n<div class=\"wp-block-uagb-advanced-heading uagb-block-8a89483d\"><h4 class=\"uagb-heading-text\"><a href=\"https:\/\/museum-der-philosophie.de\/?page_id=12588\">Stammtisch-Philosophie<\/a><\/h4><p class=\"uagb-desc-text\"><a href=\"https:\/\/museum-der-philosophie.de\/?page_id=12588\">Volksweisheiten und Sprichw\u00f6rter<\/a><\/p><\/div>\n<\/div>\n<\/div>\n\n\n\n<div class=\"wp-block-uagb-container uagb-block-a7c5ee58\">\n<div class=\"wp-block-uagb-container uagb-block-823724c3\">\n<div class=\"wp-block-uagb-advanced-heading uagb-block-88c5afd7\"><h4 class=\"uagb-heading-text\"><a href=\"https:\/\/museum-der-philosophie.de\/?page_id=12610\">Ber\u00fchmte Falschzitate<\/a><\/h4><\/div>\n<\/div>\n<\/div>\n<\/div>\n\n\n\n<div class=\"wp-block-uagb-container uagb-block-debdf6ba\">\n<div style=\"height:26px\" aria-hidden=\"true\" class=\"wp-block-spacer\"><\/div>\n\n\n\n<div class=\"wp-block-group has-background\" style=\"background-color:#ffffff26\"><div class=\"wp-block-group__inner-container is-layout-constrained wp-block-group-is-layout-constrained\">\n<p class=\"has-text-align-center has-black-color has-text-color has-medium-font-size\">Du hast ein Zitat, das wir in unsere Schatzkammer aufnehmen sollten? Her damit!<\/p>\n\n\n\n<p class=\"has-text-align-center has-black-color has-text-color\" style=\"font-size:15px\">Bitte nur Zitate, f\u00fcr die du die Quelle nachweisen kannst (au\u00dfer bei Volksweisheiten)<\/p>\n\n\n\n<div class=\"wp-block-uagb-forms uagb-forms__outer-wrap uagb-block-0545b7eb uagb-forms__medium-btn\"><form class=\"uagb-forms-main-form\" method=\"post\" autocomplete=\"on\" name=\"uagb-form-0545b7eb\">\n<div class=\"wp-block-uagb-forms-textarea uagb-forms-textarea-wrap uagb-forms-field-set uagb-block-68cc7fc2\"><div class=\"uagb-forms-textarea-label  uagb-forms-input-label\" id=\"68cc7fc2\">Autor<\/div><textarea class=\"uagb-forms-textarea-input uagb-forms-input\" rows=\"2\" placeholder=\"Autor\" name=\"68cc7fc2\" autocomplete=\"off\"><\/textarea><\/div>\n\n\n\n<div class=\"wp-block-uagb-forms-textarea uagb-forms-textarea-wrap uagb-forms-field-set uagb-block-5670f3ba\"><div class=\"uagb-forms-textarea-label  uagb-forms-input-label\" id=\"5670f3ba\">Quelle (Titel und Jahr)<\/div><textarea class=\"uagb-forms-textarea-input uagb-forms-input\" rows=\"2\" placeholder=\"Quelle (Titel und Jahr)\" name=\"5670f3ba\" autocomplete=\"off\"><\/textarea><\/div>\n\n\n\n<div class=\"wp-block-uagb-forms-textarea uagb-forms-textarea-wrap uagb-forms-field-set uagb-block-6bc34db9\"><div class=\"uagb-forms-textarea-label required uagb-forms-input-label\" id=\"6bc34db9\">Zitat<\/div><textarea required class=\"uagb-forms-textarea-input uagb-forms-input\" rows=\"4\" placeholder=\"Zitat\" name=\"6bc34db9\" autocomplete=\"off\"><\/textarea><\/div>\n<div class=\"uagb-forms-form-hidden-data\"><input type=\"hidden\" class=\"uagb_forms_form_label\" value=\"Spectra Form\"\/><input type=\"hidden\" class=\"uagb_forms_form_id\" value=\"uagb-form-0545b7eb\"\/><\/div><div class=\"uagb-form-reacaptcha-error-0545b7eb\"><\/div><div class=\"uagb-forms-main-submit-button-wrap wp-block-button\"><button class=\"uagb-forms-main-submit-button wp-block-button__link\"><div class=\"uagb-forms-main-submit-button-text\">Submit<\/div><\/button><\/div><\/form><div class=\"uagb-forms-success-message-0545b7eb uagb-forms-submit-message-hide\"><span>Danke f\u00fcr deinen Vorschlag!<\/span><\/div><div class=\"uagb-forms-failed-message-0545b7eb uagb-forms-submit-message-hide\"><span>Es gab einen Fehler. Bitte Feld &#8222;Zitat&#8220; ausf\u00fcllen<\/span><\/div><\/div>\n<\/div><\/div>\n<\/div>\n<\/div>\n\n\n\n<div class=\"wp-block-uagb-container uag-hide-mob uagb-block-1194bec6\">\n<div class=\"wp-block-uagb-image uagb-block-def83d53 wp-block-uagb-image--layout-default wp-block-uagb-image--effect-static wp-block-uagb-image--align-none\"><figure class=\"wp-block-uagb-image__figure\"><img decoding=\"async\"  sizes=\"auto, (max-width: 480px) 150px\" src=\"https:\/\/museum-der-philosophie.de\/wp-content\/uploads\/2023\/06\/zitaten.jpg\" alt=\"\" width=\"2208\" height=\"1587\" title=\"\" loading=\"lazy\" role=\"img\"\/><\/figure><\/div>\n<\/div>\n<\/div>\n","protected":false},"excerpt":{"rendered":"<p>Dies ist eine vereinfachte Darstellung f\u00fcr Mobiltelefone.Die originalgetreue Wiedergabe des Exponats ist nur auf Bildschirm oder Tablet m\u00f6glich. Men\u00fc Zitaten-Schatzkammer &hellip; <\/p>\n","protected":false},"author":1,"featured_media":0,"parent":561,"menu_order":0,"comment_status":"closed","ping_status":"closed","template":"template-page-builder-no-header-footer.php","meta":{"_uag_custom_page_level_css":"","footnotes":""},"class_list":["post-3375","page","type-page","status-publish","hentry"],"featured_image_src":null,"uagb_featured_image_src":{"full":false,"thumbnail":false,"medium":false,"medium_large":false,"large":false,"1536x1536":false,"2048x2048":false,"education-zone-banner":false,"education-zone-image-full":false,"education-zone-image":false,"education-zone-recent-post":false,"education-zone-search-result":false,"education-zone-featured-course":false,"education-zone-testimonial":false,"education-zone-blog-full":false,"wpvr_mobile":false},"uagb_author_info":{"display_name":"Klaus F\u00fcrst","author_link":"https:\/\/museum-der-philosophie.de\/?author=1"},"uagb_comment_info":0,"uagb_excerpt":"Dies ist eine vereinfachte Darstellung f\u00fcr Mobiltelefone.Die originalgetreue Wiedergabe des Exponats ist nur auf Bildschirm oder Tablet m\u00f6glich. Men\u00fc Zitaten-Schatzkammer &hellip;","_links":{"self":[{"href":"https:\/\/museum-der-philosophie.de\/index.php?rest_route=\/wp\/v2\/pages\/3375","targetHints":{"allow":["GET"]}}],"collection":[{"href":"https:\/\/museum-der-philosophie.de\/index.php?rest_route=\/wp\/v2\/pages"}],"about":[{"href":"https:\/\/museum-der-philosophie.de\/index.php?rest_route=\/wp\/v2\/types\/page"}],"author":[{"embeddable":true,"href":"https:\/\/museum-der-philosophie.de\/index.php?rest_route=\/wp\/v2\/users\/1"}],"replies":[{"embeddable":true,"href":"https:\/\/museum-der-philosophie.de\/index.php?rest_route=%2Fwp%2Fv2%2Fcomments&post=3375"}],"version-history":[{"count":289,"href":"https:\/\/museum-der-philosophie.de\/index.php?rest_route=\/wp\/v2\/pages\/3375\/revisions"}],"predecessor-version":[{"id":16232,"href":"https:\/\/museum-der-philosophie.de\/index.php?rest_route=\/wp\/v2\/pages\/3375\/revisions\/16232"}],"up":[{"embeddable":true,"href":"https:\/\/museum-der-philosophie.de\/index.php?rest_route=\/wp\/v2\/pages\/561"}],"wp:attachment":[{"href":"https:\/\/museum-der-philosophie.de\/index.php?rest_route=%2Fwp%2Fv2%2Fmedia&parent=3375"}],"curies":[{"name":"wp","href":"https:\/\/api.w.org\/{rel}","templated":true}]}}